{"id":6048,"date":"2024-01-27T22:01:19","date_gmt":"2024-01-27T21:01:19","guid":{"rendered":"http:\/\/www.cmes.cz\/web\/?page_id=6048"},"modified":"2025-02-21T20:43:24","modified_gmt":"2025-02-21T19:43:24","slug":"jan-marcus-marci","status":"publish","type":"page","link":"http:\/\/www.cmes.cz\/web\/jan-marcus-marci\/","title":{"rendered":"Jan Marcus Marci"},"content":{"rendered":"\t\t<div data-elementor-type=\"wp-page\" data-elementor-id=\"6048\" class=\"elementor elementor-6048\">\n\t\t\t\t\t\t\t\t\t<section class=\"elementor-section elementor-top-section elementor-element elementor-element-41a90d6 elementor-section-boxed elementor-section-height-default elementor-section-height-default\" data-id=\"41a90d6\" data-element_type=\"section\" data-settings=\"{&quot;_ha_eqh_enable&quot;:false}\">\n\t\t\t\t\t\t<div class=\"elementor-container elementor-column-gap-default\">\n\t\t\t\t\t<div class=\"elementor-column elementor-col-100 elementor-top-column elementor-element elementor-element-e7f09fb\" data-id=\"e7f09fb\" data-element_type=\"column\">\n\t\t\t<div class=\"elementor-widget-wrap elementor-element-populated\">\n\t\t\t\t\t\t\t\t<div class=\"elementor-element elementor-element-d903f0e elementor-widget elementor-widget-heading\" data-id=\"d903f0e\" data-element_type=\"widget\" data-widget_type=\"heading.default\">\n\t\t\t\t<div class=\"elementor-widget-container\">\n\t\t\t<style>\/*! elementor - v3.17.0 - 08-11-2023 *\/\n.elementor-heading-title{padding:0;margin:0;line-height:1}.elementor-widget-heading .elementor-heading-title[class*=elementor-size-]>a{color:inherit;font-size:inherit;line-height:inherit}.elementor-widget-heading .elementor-heading-title.elementor-size-small{font-size:15px}.elementor-widget-heading .elementor-heading-title.elementor-size-medium{font-size:19px}.elementor-widget-heading .elementor-heading-title.elementor-size-large{font-size:29px}.elementor-widget-heading .elementor-heading-title.elementor-size-xl{font-size:39px}.elementor-widget-heading .elementor-heading-title.elementor-size-xxl{font-size:59px}<\/style><h1 class=\"elementor-heading-title elementor-size-xl\">Jan Marcus Marci<\/h1>\t\t<\/div>\n\t\t\t\t<\/div>\n\t\t\t\t\t<\/div>\n\t\t<\/div>\n\t\t\t\t\t\t\t<\/div>\n\t\t<\/section>\n\t\t\t\t<section class=\"elementor-section elementor-top-section elementor-element elementor-element-7c97766 elementor-section-boxed elementor-section-height-default elementor-section-height-default\" data-id=\"7c97766\" data-element_type=\"section\" data-settings=\"{&quot;_ha_eqh_enable&quot;:false}\">\n\t\t\t\t\t\t<div class=\"elementor-container elementor-column-gap-default\">\n\t\t\t\t\t<div class=\"elementor-column elementor-col-100 elementor-top-column elementor-element elementor-element-388da38\" data-id=\"388da38\" data-element_type=\"column\">\n\t\t\t<div class=\"elementor-widget-wrap elementor-element-populated\">\n\t\t\t\t\t\t\t\t<div class=\"elementor-element elementor-element-f51601b elementor-widget elementor-widget-text-editor\" data-id=\"f51601b\" data-element_type=\"widget\" data-widget_type=\"text-editor.default\">\n\t\t\t\t<div class=\"elementor-widget-container\">\n\t\t\t<style>\/*! elementor - v3.17.0 - 08-11-2023 *\/\n.elementor-widget-text-editor.elementor-drop-cap-view-stacked .elementor-drop-cap{background-color:#69727d;color:#fff}.elementor-widget-text-editor.elementor-drop-cap-view-framed .elementor-drop-cap{color:#69727d;border:3px solid;background-color:transparent}.elementor-widget-text-editor:not(.elementor-drop-cap-view-default) .elementor-drop-cap{margin-top:8px}.elementor-widget-text-editor:not(.elementor-drop-cap-view-default) .elementor-drop-cap-letter{width:1em;height:1em}.elementor-widget-text-editor .elementor-drop-cap{float:left;text-align:center;line-height:1;font-size:50px}.elementor-widget-text-editor .elementor-drop-cap-letter{display:inline-block}<\/style>\t\t\t\t<h2 style=\"text-align: center;\"><span style=\"color: #003366;\"><strong>1595\u20131667<\/strong><\/span><\/h2>\t\t\t\t\t\t<\/div>\n\t\t\t\t<\/div>\n\t\t\t\t\t<\/div>\n\t\t<\/div>\n\t\t\t\t\t\t\t<\/div>\n\t\t<\/section>\n\t\t\t\t<section class=\"elementor-section elementor-top-section elementor-element elementor-element-bf3ff4e elementor-section-boxed elementor-section-height-default elementor-section-height-default\" data-id=\"bf3ff4e\" data-element_type=\"section\" data-settings=\"{&quot;_ha_eqh_enable&quot;:false}\">\n\t\t\t\t\t\t<div class=\"elementor-container elementor-column-gap-default\">\n\t\t\t\t\t<div class=\"elementor-column elementor-col-50 elementor-top-column elementor-element elementor-element-98aac9a\" data-id=\"98aac9a\" data-element_type=\"column\">\n\t\t\t<div class=\"elementor-widget-wrap elementor-element-populated\">\n\t\t\t\t\t\t\t\t<div class=\"elementor-element elementor-element-e81dfb6 elementor-widget elementor-widget-image\" data-id=\"e81dfb6\" data-element_type=\"widget\" data-widget_type=\"image.default\">\n\t\t\t\t<div class=\"elementor-widget-container\">\n\t\t\t<style>\/*! elementor - v3.17.0 - 08-11-2023 *\/\n.elementor-widget-image{text-align:center}.elementor-widget-image a{display:inline-block}.elementor-widget-image a img[src$=\".svg\"]{width:48px}.elementor-widget-image img{vertical-align:middle;display:inline-block}<\/style>\t\t\t\t\t\t\t\t\t<figure class=\"wp-caption\">\n\t\t\t\t\t\t\t\t\t\t\t<a href=\"http:\/\/www.cmes.cz\/web\/wp-content\/uploads\/2024\/01\/Jan_Marek_-_Jan_Vilimek.jpg\" data-elementor-open-lightbox=\"yes\" data-elementor-lightbox-title=\"Jan_Marek_-_Jan_Vil\u00edmek\" data-e-action-hash=\"#elementor-action%3Aaction%3Dlightbox%26settings%3DeyJpZCI6NjA1MCwidXJsIjoiaHR0cDpcL1wvd3d3LmNtZXMuY3pcL3dlYlwvd3AtY29udGVudFwvdXBsb2Fkc1wvMjAyNFwvMDFcL0phbl9NYXJla18tX0phbl9WaWxpbWVrLmpwZyJ9\">\n\t\t\t\t\t\t\t<img loading=\"lazy\" decoding=\"async\" width=\"252\" height=\"300\" src=\"http:\/\/www.cmes.cz\/web\/wp-content\/uploads\/2024\/01\/Jan_Marek_-_Jan_Vilimek-252x300.jpg\" class=\"attachment-medium size-medium wp-image-6050\" alt=\"\" srcset=\"http:\/\/www.cmes.cz\/web\/wp-content\/uploads\/2024\/01\/Jan_Marek_-_Jan_Vilimek-252x300.jpg 252w, http:\/\/www.cmes.cz\/web\/wp-content\/uploads\/2024\/01\/Jan_Marek_-_Jan_Vilimek-768x916.jpg 768w, http:\/\/www.cmes.cz\/web\/wp-content\/uploads\/2024\/01\/Jan_Marek_-_Jan_Vilimek.jpg 800w\" sizes=\"auto, (max-width: 252px) 100vw, 252px\" \/>\t\t\t\t\t\t\t\t<\/a>\n\t\t\t\t\t\t\t\t\t\t\t<figcaption class=\"widget-image-caption wp-caption-text\">Autor: Jan Vil\u00edmek \u2013 http:\/\/archiv.ucl.cas.cz\/index.php?path=HumL\/31.1889\/27\/247.png - digitized by Czech Academy of Sciences, Voln\u00e9 d\u00edlo, https:\/\/commons.wikimedia.org\/w\/index.php?curid=7426240<\/figcaption>\n\t\t\t\t\t\t\t\t\t\t<\/figure>\n\t\t\t\t\t\t\t\t\t<\/div>\n\t\t\t\t<\/div>\n\t\t\t\t\t<\/div>\n\t\t<\/div>\n\t\t\t\t<div class=\"elementor-column elementor-col-50 elementor-top-column elementor-element elementor-element-5a6a8a6\" data-id=\"5a6a8a6\" data-element_type=\"column\">\n\t\t\t<div class=\"elementor-widget-wrap elementor-element-populated\">\n\t\t\t\t\t\t\t\t<div class=\"elementor-element elementor-element-ef7c764 elementor-widget elementor-widget-text-editor\" data-id=\"ef7c764\" data-element_type=\"widget\" data-widget_type=\"text-editor.default\">\n\t\t\t\t<div class=\"elementor-widget-container\">\n\t\t\t\t\t\t\t<p style=\"text-align: left;\"><span style=\"color: #003366;\">Jan Marcus Marci, \u010desky Jan Marek Marci z Kronlandu, lat. Ioannes Marcus Marci, (13. \u010dervna 1595, Lan\u0161kroun \u2013 10. dubna 1667, Praha) byl renesan\u010dn\u00ed l\u00e9ka\u0159, fyzik a matematik, jeden z posledn\u00edch \u010desk\u00fdch polyhistor\u016f.<\/span><\/p><p style=\"text-align: left;\"><span style=\"color: #003366;\">P\u016fvodn\u00edm jm\u00e9nem Jan Marek Mark\u016fv (\u010di Mark\u016f). Podoba Marci je latinizovanou variantou p\u0159\u00edjmen\u00ed. Studoval na jezuitsk\u00fdch \u0161kol\u00e1ch, nejprve na gymn\u00e1ziu v Jind\u0159ichov\u011b Hradci, pot\u00e9 na koleji v Olomouci filozofii a teologii. Zaj\u00edmal se o jazyky, p\u0159\u00edrodn\u00ed v\u011bdy, geometrii a matematiku a s podporou Zde\u0148ka Vojt\u011bcha Popela z Lobkovic vystudoval l\u00e9ka\u0159skou fakultu Pra\u017esk\u00e9 university. D\u016fvodem tohoto kroku m\u011blo b\u00fdt jeho chatrn\u00e9 zdrav\u00ed a komplikovan\u00e1 o\u010dn\u00ed choroba.<\/span><\/p><p style=\"text-align: left;\"><span style=\"color: #003366;\">V roce 1625 z\u00edskal v Praze doktor\u00e1t medic\u00edny a sou\u010dasn\u011b byl jmenov\u00e1n mimo\u0159\u00e1dn\u00fdm profesorem na l\u00e9ka\u0159sk\u00e9 fakult\u011b. V roce 1626 byl jmenov\u00e1n zemsk\u00fdm fyzikem (osobou pov\u011b\u0159enou l\u00e9ka\u0159sk\u00fdm dohledem) Kr\u00e1lovstv\u00ed \u010desk\u00e9ho a roku 1630 se stal \u0159\u00e1dn\u00fdm profesorem na Pra\u017esk\u00e9 univerzit\u011b. Od roku 1638 zde zast\u00e1val nep\u0159etr\u017eit\u011b a\u017e do sv\u00e9 smrti v roce 1667 d\u011bkansk\u00fd \u00fa\u0159ad.\u00a0<\/span><\/p>\t\t\t\t\t\t<\/div>\n\t\t\t\t<\/div>\n\t\t\t\t\t<\/div>\n\t\t<\/div>\n\t\t\t\t\t\t\t<\/div>\n\t\t<\/section>\n\t\t\t\t<section class=\"elementor-section elementor-top-section elementor-element elementor-element-e93c11f elementor-section-boxed elementor-section-height-default elementor-section-height-default\" data-id=\"e93c11f\" data-element_type=\"section\" data-settings=\"{&quot;_ha_eqh_enable&quot;:false}\">\n\t\t\t\t\t\t<div class=\"elementor-container elementor-column-gap-default\">\n\t\t\t\t\t<div class=\"elementor-column elementor-col-100 elementor-top-column elementor-element elementor-element-6b169ea\" data-id=\"6b169ea\" data-element_type=\"column\">\n\t\t\t<div class=\"elementor-widget-wrap elementor-element-populated\">\n\t\t\t\t\t\t\t\t<div class=\"elementor-element elementor-element-768db9e elementor-widget elementor-widget-text-editor\" data-id=\"768db9e\" data-element_type=\"widget\" data-widget_type=\"text-editor.default\">\n\t\t\t\t<div class=\"elementor-widget-container\">\n\t\t\t\t\t\t\t<p class=\"rtejustify\" style=\"text-align: left;\"><span style=\"color: #003366;\">Vedle sv\u00e9 profesury vykon\u00e1val rozs\u00e1hlou l\u00e9ka\u0159skou praxi, byl osobn\u00edm l\u00e9ka\u0159em dvou c\u00edsa\u0159\u016f \u2013 Ferdinada III. Habsbursk\u00e9ho a Leopolda I.\u00a0<\/span><\/p><p style=\"text-align: left;\"><span style=\"color: #003366;\">Roku 1635 zakoupil za 5000 zlat\u00fdch od Hendricha Lib\u0161tejnsk\u00e9ho z Kolovrat renesan\u010dn\u00ed d\u016fm \u010dp. 472\/I U zelen\u00e9 l\u00edpy (t\u00e9\u017e U zlat\u00e9 svin\u011b) ve Svatohavelsk\u00e9 \u010dtvrti, v Melantrichov\u011b ulici 12, bydlel tam a\u017e do smrti, P\u0159ipom\u00edn\u00e1 jej bronzov\u00e1 pam\u011btn\u00ed deska od Lum\u00edra \u0160indel\u00e1\u0159e. P\u0159ijal do sv\u00e9ho domu kolegu l\u00e9ka\u0159e a v\u011bdce Kornelia Pleiera (1595\u20131646\/1649), uprchl\u00e9ho z Coburgu p\u0159ed \u010darod\u011bjnick\u00fdmi procesy.<\/span><\/p><p style=\"text-align: left;\"><span style=\"color: #003366;\">Ji\u017e jako v\u011bhlasn\u00fd l\u00e9ka\u0159 se stal profesorem na l\u00e9ka\u0159sk\u00e9 fakult\u011b (pozd\u011bji tak\u00e9 n\u011bkolikan\u00e1sobn\u00fdm d\u011bkanem l\u00e9ka\u0159sk\u00e9 fakulty) a zemsk\u00fdm l\u00e9ka\u0159em v \u010cech\u00e1ch. Roku 1640, kdy\u017e doprov\u00e1zel \u0160ternberky, nav\u0161t\u00edvil \u0158\u00edm a roku 1642 byl zvolen Karlovou univerzitou za komisa\u0159e s c\u00edlem urovn\u00e1n\u00ed dlouholet\u00fdch spor\u016f mezi Karolinem a Klementinem. Po \u00fatoku \u0160v\u00e9d\u016f na Prahu roku 1648 inicioval obnoven\u00ed studentsk\u00e9 legie a s\u00e1m se stal jedn\u00edm z jej\u00edch d\u016fstojn\u00edk\u016f. Jeho v\u011bhlas byl zn\u00e1m i mezi \u0160v\u00e9dy, kte\u0159\u00ed Markov\u00fdch slu\u017eeb p\u0159\u00edle\u017eitostn\u011b vyu\u017e\u00edvali. Marci pe\u010doval nap\u0159. o Franti\u0161ka ze \u0160ternberka v\u00e1\u017en\u011b ran\u011bn\u00e9ho p\u0159i \u0161v\u00e9dsk\u00e9m vp\u00e1du na Malou Stranu, jen\u017e ale navzdory jeho p\u00e9\u010di zem\u0159el. Kr\u00e1tce nato jej \u0161v\u00e9dsk\u00fd gener\u00e1l Arvid Wittenberg po\u017e\u00e1dal, aby l\u00e9\u010dil jeho t\u011b\u017ece nemocnou man\u017eelku, kter\u00e1 navzdory jeho p\u00e9\u010di zem\u0159ela v srpnu 1648. Po\u010d\u00e1tkem \u0159\u00edjna 1648 byl \u0160v\u00e9dy na Mal\u00e9 Stran\u011b zadr\u017een a propu\u0161t\u011bn teprve v nedlouho p\u0159ed koncem obl\u00e9h\u00e1n\u00ed, za\u010d\u00e1tkem listopadu 1648. K t\u00e9to dob\u011b se vztahuje i p\u0159\u00edhoda, kdy se vracel od nemocn\u00e9 zp\u011bt do Prahy. Nezvolil v\u0161ak stejnou cestu p\u0159es Malou Stranu jako p\u0159i cest\u011b do \u0161v\u00e9dsk\u00e9ho t\u00e1bora. Vydal se po druh\u00e9m b\u0159ehu Vltavy k Vy\u0161ehradu. Kdy\u017e hl\u00eddka v br\u00e1n\u011b spat\u0159ila ko\u010d\u00e1r, myln\u011b jej pova\u017eovala za \u0161v\u00e9dskou delegaci, proto za\u010dala s palbou. Na\u0161t\u011bst\u00ed Jan Marcus Marci zran\u011bn nebyl, ale padl jeden k\u016f\u0148 ze sp\u0159e\u017een\u00ed.<\/span><\/p><p style=\"text-align: left;\"><span style=\"color: #003366;\">Po uzav\u0159en\u00ed Vestf\u00e1lsk\u00e9ho m\u00edru byl Marci roku 1649 jmenov\u00e1n c\u00edsa\u0159sk\u00fdm radou. V roce 1658 se stal osobn\u00edm l\u00e9ka\u0159em c\u00edsa\u0159e Leopolda I., opakovan\u011b byl d\u011bkanem l\u00e9ka\u0159sk\u00e9 fakulty. Po vytvo\u0159en\u00ed Karlo-Ferdinandovy univerzity roku 1654 se stal protektorem sv\u011btsk\u00fdch fakult a roku 1662 byl zvolen rektorem. Ve stejn\u00e9m roce mu bylo tak\u00e9 nab\u00eddnuto m\u00edsto profesora na oxfordsk\u00e9 univerzit\u011b, v\u0161ak kv\u016fli sv\u00e9mu chatrn\u00e9mu zdrav\u00ed musel nab\u00eddku odm\u00edtnout. Zem\u0159el v Praze roku 1667 po druh\u00e9 r\u00e1n\u011b mrtvice. A\u010dkoli se roz\u0161\u00ed\u0159ila zpr\u00e1va o tom, \u017ee p\u0159ed smrt\u00ed vstoupil do jezuitsk\u00e9ho \u0159\u00e1du, nen\u00ed k tomu dostupn\u00fd \u017e\u00e1dn\u00fd relevantn\u00ed doklad. V cel\u00e9m sv\u00e9m d\u00edle se ale \u0159\u00eddil jezuitskou rekatoliza\u010dn\u00ed dogmatikou, proto v\u011bdci postupuj\u00edc\u00ed newtonovsk\u00fdm sm\u011brem k jeho d\u00edlu p\u0159istupovali s apriorn\u00ed ned\u016fv\u011brou.<\/span><\/p><p style=\"text-align: left;\"><span style=\"color: #003366;\">Za sv\u00e9 z\u00e1sluhy, kter\u00e9 prok\u00e1zal p\u0159i oble\u017een\u00ed pra\u017esk\u00fdch m\u011bst \u0160v\u00e9dy roku 1648 byl c\u00edsa\u0159em Ferdinandem III. pov\u00fd\u0161en 19. \u0159\u00edjna 1654 do \u010desk\u00e9ho vladyck\u00e9ho stavu s predik\u00e1tem z Kronlandu a byl mu ud\u011blen erb, ve kter\u00e9m se objevila i velmi neobvykl\u00e1 figura \u2013 duha, nar\u00e1\u017eka na Marciho studie o lomu a rozkladu sv\u011btla: St\u0159\u00edbrno-mod\u0159e polcen\u00fd \u0161t\u00edt. Vpravo zlat\u00e1 koruna, vlevo st\u0159\u00edbrn\u00e1 orlice se zlat\u00fdm sluncem na prsou. V hlav\u011b \u0161t\u00edtu, nad ob\u011bma figurami, se vid\u00ed zeleno-\u010derveno-zlato-\u010derveno-zelen\u00e1 duha. Na \u0161t\u00edt\u011b stoj\u00ed korunovan\u00e1 kol\u010d\u00ed p\u0159\u00edlba s p\u0159ikryvadly modr\u00fdmi se st\u0159\u00edbrn\u00fdmi okraji a st\u0159\u00edbrn\u00fdmi. Klenotem jsou dv\u011b k\u0159\u00eddla \u2013 prav\u00e9 naho\u0159e st\u0159\u00edbrn\u00e9, dole modr\u00e9 se st\u0159\u00edbrn\u00fdm okrajem a lev\u00e9 naho\u0159e modr\u00e9 se st\u0159\u00edbrn\u00fdm okrajem a dole st\u0159\u00edbrn\u00e9.<\/span><\/p><p style=\"text-align: left;\"><span style=\"color: #003366;\"><strong>V\u011bdeck\u00e9 objevy<\/strong><\/span><\/p><p style=\"text-align: left;\"><span style=\"color: #003366;\">Proslavil se sv\u00fdmi objevy fyzik\u00e1ln\u00edmi o r\u00e1zu pru\u017en\u00fdch t\u011bles a o lomu sv\u011btla. Za tyto v\u00fdsledky byl roku 1667 jmenov\u00e1n dopisuj\u00edc\u00edm \u010dlenem Kr\u00e1lovsk\u00e9 spole\u010dnosti nauk v Lond\u00fdn\u011b.<\/span><\/p><p style=\"text-align: left;\"><span style=\"color: #003366;\">Z probl\u00e9m\u016f \u010dist\u011b matematick\u00fdch ho upoutala kvadratura kruhu. T\u00e9 v\u011bnoval dva spisy De proportione motus figurarum rectilinearum et circuli quadratura ex motu, kter\u00fd vy\u0161el v Praze v roce 1648, a Labyrinthus, in quo via ad circuli quadraturam pluribus modis exhibetur, vydan\u00e9ho v Praze v roce 1654.<\/span><\/p><p style=\"text-align: left;\"><span style=\"color: #003366;\">P\u0159\u00e1telsky se st\u00fdkal s Bohuslavem Balb\u00ednem, kter\u00e9ho vyl\u00e9\u010dil z v\u00e1\u017en\u00e9 choroby, a byl autorem \u0159ady odborn\u00fdch studi\u00ed. N\u011bkter\u00fdmi sv\u00fdmi experiment\u00e1ln\u00edmi poznatky ve spektroskopii a fyzik\u00e1ln\u00ed optice p\u0159ede\u0161el Newtona, Grimaldiho a Boylea.<\/span><\/p><p style=\"text-align: left;\"><span style=\"color: #003366;\"><strong>Rod Marci z Kronlandu<\/strong><\/span><\/p><p style=\"text-align: left;\"><span style=\"color: #003366;\">Jan Marek m\u011bl \u0159adu potomk\u016f. Jeho syn Ludv\u00edk u\u010dinil roku 1674 z\u00e1v\u011b\u0165 ve prosp\u011bch sv\u00e9 sestry Barbory Cecilie Marci (\u2020 z\u0159ejm\u011b 1680) a odk\u00e1zal j\u00ed ml\u00fdn pod vs\u00ed Michle (zvan\u00fd Pod Michl\u00ed) zd\u011bd\u011bn\u00fd po otci, kter\u00fd j\u00ed m\u011bl p\u0159ipadnout po jeho smrti \u010di v p\u0159\u00edpad\u011b, \u017ee by vstoupil do duchovn\u00edho \u0159\u00e1du. Dal\u0161\u00edm synem Jana Marka byl Jan Ji\u0159\u00ed (\u2020 p\u0159ed 1672), kter\u00fd se roku 1658 stal doktorem l\u00e9ka\u0159stv\u00ed. O\u017eenil se s Juditou Magdalenou z Bavorova (\u20201675), kter\u00e1 se po jeho smrti podruh\u00e9 provdala za ryt\u00ed\u0159e Adama \u0160muha\u0159e z Rochova a roku 1672 prodala sv\u00e9 \u0161vagrov\u00e9 Barbo\u0159e Cecilii Marci \u010dtvrtinu ml\u00fdna \u0159e\u010den\u00e9ho Pod Michl\u00ed, kter\u00fd byl z\u0159ejm\u011b posledn\u00edm v\u011bt\u0161\u00edm rodov\u00fdm majetkem.<\/span><\/p><p style=\"text-align: left;\"><span style=\"color: #003366;\"><strong>Marciho odkaz v sou\u010dasnosti<\/strong><\/span><\/p><p style=\"text-align: left;\"><span style=\"color: #003366;\">Jm\u00e9no Jana Marka Marci nese od roku 1990 Spektroskopick\u00e1 spole\u010dnost, kter\u00e1 vznikla jako Sdru\u017een\u00ed pro v\u00fdzkum ve spektr\u00e1ln\u00ed analyse p\u0159i \u00dastavu chemick\u00e9 metalurgie a metalografie Vysok\u00e9 \u0161koly chemicko-technologick\u00e9ho in\u017een\u00fdrstv\u00ed \u010cesk\u00e9ho vysok\u00e9ho u\u010den\u00ed technick\u00e9ho roku 1954. Spole\u010dnost ud\u011bluje od roku 1977 za p\u0159\u00ednos k pozn\u00e1n\u00ed ve spektroskopii Medaili Jana Marka Marci z Kronlandu. Jm\u00e9nem Jana Marka Marci byl tak\u00e9 roku 1970 pojmenov\u00e1n m\u011bs\u00ed\u010dn\u00ed kr\u00e1ter o pr\u016fm\u011bru 25 km le\u017e\u00edc\u00ed v poloze 22,6 N a 167,0 W.<\/span><\/p><p style=\"text-align: left;\"><span style=\"color: #003366;\"><em>https:\/\/cs.wikipedia.org\/wiki\/Jan_Marcus_Marci<\/em><\/span><\/p>\t\t\t\t\t\t<\/div>\n\t\t\t\t<\/div>\n\t\t\t\t\t<\/div>\n\t\t<\/div>\n\t\t\t\t\t\t\t<\/div>\n\t\t<\/section>\n\t\t\t\t\t\t\t<\/div>\n\t\t","protected":false},"excerpt":{"rendered":"<p>Jan Marcus Marci 1595\u20131667 Autor: Jan Vil\u00edmek \u2013 http:\/\/archiv.ucl.cas.cz\/index.php?path=HumL\/31.1889\/27\/247.png &#8211; digitized by Czech Academy of Sciences, Voln\u00e9 d\u00edlo, https:\/\/commons.wikimedia.org\/w\/index.php?curid=7426240 Jan Marcus Marci, \u010desky Jan Marek Marci z Kronlandu, lat. Ioannes [&hellip;]<\/p>\n","protected":false},"author":3,"featured_media":0,"parent":0,"menu_order":0,"comment_status":"closed","ping_status":"closed","template":"","meta":{"footnotes":""},"class_list":["post-6048","page","type-page","status-publish","hentry","entry"],"_links":{"self":[{"href":"http:\/\/www.cmes.cz\/web\/wp-json\/wp\/v2\/pages\/6048","targetHints":{"allow":["GET"]}}],"collection":[{"href":"http:\/\/www.cmes.cz\/web\/wp-json\/wp\/v2\/pages"}],"about":[{"href":"http:\/\/www.cmes.cz\/web\/wp-json\/wp\/v2\/types\/page"}],"author":[{"embeddable":true,"href":"http:\/\/www.cmes.cz\/web\/wp-json\/wp\/v2\/users\/3"}],"replies":[{"embeddable":true,"href":"http:\/\/www.cmes.cz\/web\/wp-json\/wp\/v2\/comments?post=6048"}],"version-history":[{"count":3,"href":"http:\/\/www.cmes.cz\/web\/wp-json\/wp\/v2\/pages\/6048\/revisions"}],"predecessor-version":[{"id":15603,"href":"http:\/\/www.cmes.cz\/web\/wp-json\/wp\/v2\/pages\/6048\/revisions\/15603"}],"wp:attachment":[{"href":"http:\/\/www.cmes.cz\/web\/wp-json\/wp\/v2\/media?parent=6048"}],"curies":[{"name":"wp","href":"https:\/\/api.w.org\/{rel}","templated":true}]}}