{"id":3798,"date":"2024-01-06T14:02:14","date_gmt":"2024-01-06T13:02:14","guid":{"rendered":"http:\/\/www.cmes.cz\/web\/?page_id=3798"},"modified":"2025-02-25T16:38:37","modified_gmt":"2025-02-25T15:38:37","slug":"antonin-vojvodik","status":"publish","type":"page","link":"http:\/\/www.cmes.cz\/web\/antonin-vojvodik\/","title":{"rendered":"Antonin Vojvod\u00edk"},"content":{"rendered":"\t\t<div data-elementor-type=\"wp-page\" data-elementor-id=\"3798\" class=\"elementor elementor-3798\">\n\t\t\t\t\t\t\t\t\t<section class=\"elementor-section elementor-top-section elementor-element elementor-element-41a90d6 elementor-section-boxed elementor-section-height-default elementor-section-height-default\" data-id=\"41a90d6\" data-element_type=\"section\" data-settings=\"{&quot;_ha_eqh_enable&quot;:false}\">\n\t\t\t\t\t\t<div class=\"elementor-container elementor-column-gap-default\">\n\t\t\t\t\t<div class=\"elementor-column elementor-col-100 elementor-top-column elementor-element elementor-element-e7f09fb\" data-id=\"e7f09fb\" data-element_type=\"column\">\n\t\t\t<div class=\"elementor-widget-wrap elementor-element-populated\">\n\t\t\t\t\t\t\t\t<div class=\"elementor-element elementor-element-d903f0e elementor-widget elementor-widget-heading\" data-id=\"d903f0e\" data-element_type=\"widget\" data-widget_type=\"heading.default\">\n\t\t\t\t<div class=\"elementor-widget-container\">\n\t\t\t<style>\/*! elementor - v3.17.0 - 08-11-2023 *\/\n.elementor-heading-title{padding:0;margin:0;line-height:1}.elementor-widget-heading .elementor-heading-title[class*=elementor-size-]>a{color:inherit;font-size:inherit;line-height:inherit}.elementor-widget-heading .elementor-heading-title.elementor-size-small{font-size:15px}.elementor-widget-heading .elementor-heading-title.elementor-size-medium{font-size:19px}.elementor-widget-heading .elementor-heading-title.elementor-size-large{font-size:29px}.elementor-widget-heading .elementor-heading-title.elementor-size-xl{font-size:39px}.elementor-widget-heading .elementor-heading-title.elementor-size-xxl{font-size:59px}<\/style><h1 class=\"elementor-heading-title elementor-size-xl\">Anton\u00edn Vojvod\u00edk<\/h1>\t\t<\/div>\n\t\t\t\t<\/div>\n\t\t\t\t\t<\/div>\n\t\t<\/div>\n\t\t\t\t\t\t\t<\/div>\n\t\t<\/section>\n\t\t\t\t<section class=\"elementor-section elementor-top-section elementor-element elementor-element-7c97766 elementor-section-boxed elementor-section-height-default elementor-section-height-default\" data-id=\"7c97766\" data-element_type=\"section\" data-settings=\"{&quot;_ha_eqh_enable&quot;:false}\">\n\t\t\t\t\t\t<div class=\"elementor-container elementor-column-gap-default\">\n\t\t\t\t\t<div class=\"elementor-column elementor-col-100 elementor-top-column elementor-element elementor-element-388da38\" data-id=\"388da38\" data-element_type=\"column\">\n\t\t\t<div class=\"elementor-widget-wrap elementor-element-populated\">\n\t\t\t\t\t\t\t\t<div class=\"elementor-element elementor-element-f51601b elementor-widget elementor-widget-text-editor\" data-id=\"f51601b\" data-element_type=\"widget\" data-widget_type=\"text-editor.default\">\n\t\t\t\t<div class=\"elementor-widget-container\">\n\t\t\t<style>\/*! elementor - v3.17.0 - 08-11-2023 *\/\n.elementor-widget-text-editor.elementor-drop-cap-view-stacked .elementor-drop-cap{background-color:#69727d;color:#fff}.elementor-widget-text-editor.elementor-drop-cap-view-framed .elementor-drop-cap{color:#69727d;border:3px solid;background-color:transparent}.elementor-widget-text-editor:not(.elementor-drop-cap-view-default) .elementor-drop-cap{margin-top:8px}.elementor-widget-text-editor:not(.elementor-drop-cap-view-default) .elementor-drop-cap-letter{width:1em;height:1em}.elementor-widget-text-editor .elementor-drop-cap{float:left;text-align:center;line-height:1;font-size:50px}.elementor-widget-text-editor .elementor-drop-cap-letter{display:inline-block}<\/style>\t\t\t\t<h2 style=\"text-align: center;\"><span style=\"color: #003366;\"><strong>narozen v roce 1950<\/strong><\/span><\/h2>\t\t\t\t\t\t<\/div>\n\t\t\t\t<\/div>\n\t\t\t\t\t<\/div>\n\t\t<\/div>\n\t\t\t\t\t\t\t<\/div>\n\t\t<\/section>\n\t\t\t\t<section class=\"elementor-section elementor-top-section elementor-element elementor-element-bf3ff4e elementor-section-boxed elementor-section-height-default elementor-section-height-default\" data-id=\"bf3ff4e\" data-element_type=\"section\" data-settings=\"{&quot;_ha_eqh_enable&quot;:false}\">\n\t\t\t\t\t\t<div class=\"elementor-container elementor-column-gap-default\">\n\t\t\t\t\t<div class=\"elementor-column elementor-col-50 elementor-top-column elementor-element elementor-element-98aac9a\" data-id=\"98aac9a\" data-element_type=\"column\">\n\t\t\t<div class=\"elementor-widget-wrap elementor-element-populated\">\n\t\t\t\t\t\t\t\t<div class=\"elementor-element elementor-element-e81dfb6 elementor-widget elementor-widget-image\" data-id=\"e81dfb6\" data-element_type=\"widget\" data-widget_type=\"image.default\">\n\t\t\t\t<div class=\"elementor-widget-container\">\n\t\t\t<style>\/*! elementor - v3.17.0 - 08-11-2023 *\/\n.elementor-widget-image{text-align:center}.elementor-widget-image a{display:inline-block}.elementor-widget-image a img[src$=\".svg\"]{width:48px}.elementor-widget-image img{vertical-align:middle;display:inline-block}<\/style>\t\t\t\t\t\t\t\t\t\t\t\t\t<a href=\"http:\/\/www.cmes.cz\/web\/wp-content\/uploads\/2024\/01\/28_Antonin-Vojvodik-na-Perle.jpg\" data-elementor-open-lightbox=\"yes\" data-elementor-lightbox-title=\"28_Anton\u00edn Vojvod\u00edk na Perle\" data-e-action-hash=\"#elementor-action%3Aaction%3Dlightbox%26settings%3DeyJpZCI6MzgwMCwidXJsIjoiaHR0cDpcL1wvd3d3LmNtZXMuY3pcL3dlYlwvd3AtY29udGVudFwvdXBsb2Fkc1wvMjAyNFwvMDFcLzI4X0FudG9uaW4tVm9qdm9kaWstbmEtUGVybGUuanBnIn0%3D\">\n\t\t\t\t\t\t\t<img loading=\"lazy\" decoding=\"async\" width=\"225\" height=\"300\" src=\"http:\/\/www.cmes.cz\/web\/wp-content\/uploads\/2024\/01\/28_Antonin-Vojvodik-na-Perle-225x300.jpg\" class=\"attachment-medium size-medium wp-image-3800\" alt=\"\" srcset=\"http:\/\/www.cmes.cz\/web\/wp-content\/uploads\/2024\/01\/28_Antonin-Vojvodik-na-Perle-225x300.jpg 225w, http:\/\/www.cmes.cz\/web\/wp-content\/uploads\/2024\/01\/28_Antonin-Vojvodik-na-Perle-768x1024.jpg 768w, http:\/\/www.cmes.cz\/web\/wp-content\/uploads\/2024\/01\/28_Antonin-Vojvodik-na-Perle.jpg 900w\" sizes=\"auto, (max-width: 225px) 100vw, 225px\" \/>\t\t\t\t\t\t\t\t<\/a>\n\t\t\t\t\t\t\t\t\t\t\t\t\t\t\t<\/div>\n\t\t\t\t<\/div>\n\t\t\t\t\t<\/div>\n\t\t<\/div>\n\t\t\t\t<div class=\"elementor-column elementor-col-50 elementor-top-column elementor-element elementor-element-5a6a8a6\" data-id=\"5a6a8a6\" data-element_type=\"column\">\n\t\t\t<div class=\"elementor-widget-wrap elementor-element-populated\">\n\t\t\t\t\t\t\t\t<div class=\"elementor-element elementor-element-ef7c764 elementor-widget elementor-widget-text-editor\" data-id=\"ef7c764\" data-element_type=\"widget\" data-widget_type=\"text-editor.default\">\n\t\t\t\t<div class=\"elementor-widget-container\">\n\t\t\t\t\t\t\t<h2 class=\"rtejustify\" style=\"text-align: left;\"><strong>Anton\u00edn Vojvod\u00edk<\/strong><\/h2><p style=\"text-align: left;\"><span style=\"color: #003366;\">Teploty hluboko pod bodem mraz\u016f nem\u00e1 v\u011bt\u0161ina lid\u00ed r\u00e1da. Existuj\u00ed v\u0161ak v\u00fdjimky a jednou z nich je Anton\u00edn Vojvod\u00edk z jiho\u010desk\u00e9ho Vimperka. Mrazy p\u0159\u00edmo miluje. \u010c\u00edm v\u00edce kles\u00e1 teplota pod bod mrazu na sledovan\u00fdch lokalit\u00e1ch, t\u00edm v\u011bt\u0161\u00ed m\u00e1 radost. Je amat\u00e9rsk\u00fdm meteorologem a po \u0160umav\u011b m\u00e1 n\u011bkolik meteostanic, kter\u00e9 zaznamen\u00e1vaj\u00ed teploty v t\u011bch nejchladn\u011bj\u0161\u00edch, tzv. mrazov\u00fdch kotlin\u00e1ch. Sv\u00e9mu kon\u00ed\u010dku v\u011bnuje od sv\u00e9ho ml\u00e1d\u00ed maxim\u00e1ln\u00ed \u010das a \u00fasil\u00ed.<\/span><\/p><p style=\"text-align: left;\"><span style=\"color: #003366;\">Anton\u00edn Vojvod\u00edk si potrp\u00ed na p\u0159esnost. Vy\u017eaduje naprostou p\u0159esnost teplom\u011br\u016f, odchylka o celou jednu desetinu stupn\u011b Celsia do plusu \u010di m\u00ednusu je ji\u017e nep\u0159\u00edpustn\u00e1. Striktn\u011b se tak\u00e9 dr\u017e\u00ed term\u00ednov\u00fdch m\u011b\u0159en\u00ed pro danou lokalitu, nespokoj\u00ed se jen s obecn\u011b zaveden\u00fdmi term\u00edny dle st\u0159edn\u00edho slune\u010dn\u00edho \u010dasu st\u0159edoevropsk\u00e9ho poledn\u00edku (SE\u010c \u010di SEL\u010c).<\/span><\/p>\t\t\t\t\t\t<\/div>\n\t\t\t\t<\/div>\n\t\t\t\t\t<\/div>\n\t\t<\/div>\n\t\t\t\t\t\t\t<\/div>\n\t\t<\/section>\n\t\t\t\t<section class=\"elementor-section elementor-top-section elementor-element elementor-element-e93c11f elementor-section-boxed elementor-section-height-default elementor-section-height-default\" data-id=\"e93c11f\" data-element_type=\"section\" data-settings=\"{&quot;_ha_eqh_enable&quot;:false}\">\n\t\t\t\t\t\t<div class=\"elementor-container elementor-column-gap-default\">\n\t\t\t\t\t<div class=\"elementor-column elementor-col-100 elementor-top-column elementor-element elementor-element-6b169ea\" data-id=\"6b169ea\" data-element_type=\"column\">\n\t\t\t<div class=\"elementor-widget-wrap elementor-element-populated\">\n\t\t\t\t\t\t\t\t<div class=\"elementor-element elementor-element-768db9e elementor-widget elementor-widget-text-editor\" data-id=\"768db9e\" data-element_type=\"widget\" data-widget_type=\"text-editor.default\">\n\t\t\t\t<div class=\"elementor-widget-container\">\n\t\t\t\t\t\t\t<p class=\"rtejustify\" style=\"text-align: left;\"><span style=\"color: #003366;\">Lid\u00e9 maj\u00ed nejr\u016fzn\u011bj\u0161\u00ed sny a p\u0159\u00e1n\u00ed. ,,Lovec mraz\u016f\u201c, jak byl Anton\u00edn Vojvod\u00edk u\u017e p\u0159ed roky nazv\u00e1n jednou novin\u00e1\u0159kou, m\u00e1 sen nam\u011b\u0159it rekordn\u00ed mr\u00e1z v \u010cesk\u00e9 republice. Jedn\u00e1 se o teplotu, kter\u00e1 by p\u0159ekonala dosavadn\u00ed absolutn\u00ed teplotn\u00ed minimum z 11. \u00fanora 1929, nam\u011b\u0159en\u00e9 v Litv\u00ednovic\u00edch u \u010cesk\u00fdch Bud\u011bjovic. Teplota zde tehdy klesla na \u201342,2\u00b0C.\u00a0<\/span><\/p><p class=\"rtejustify\" style=\"text-align: left;\"><span style=\"color: #003366;\">O po\u010das\u00ed se Anton\u00edn Vojvod\u00edk zaj\u00edm\u00e1 ji\u017e od \u0161koln\u00edch let, kdy si zapisoval teploty a m\u011b\u0159il sn\u00edh v Beskydech, kde se narodil a str\u00e1vil sv\u00e9 d\u011btstv\u00ed. Na \u0160umavu se p\u0159i\u017eenil a l\u00e1ska k po\u010das\u00ed ho neopustila, ba pr\u00e1v\u011b naopak. Jako milovn\u00edk p\u0159\u00edrody se \u010dasto vyd\u00e1val na kole \u010di p\u011b\u0161ky do r\u016fzn\u00fdch kout\u016f \u0160umavy. Jednoho \u010dervencov\u00e9ho r\u00e1na proj\u00ed\u017ed\u011bl na kole p\u0159es Horskou Kvildu a zarazil ho pohled na b\u00edl\u00e9 omrzl\u00e9 louky. To ho fascinovalo natolik, \u017ee se opakovan\u011b do t\u00e9to lokality vracel s teplom\u011brem a zji\u0161\u0165oval tuto v\u00fdjime\u010dnost. M\u00edstn\u00ed obyvatel pan P\u0159edota si v\u0161iml jeho b\u00e1d\u00e1n\u00ed a za\u010dal mu pom\u00e1hat se sledov\u00e1n\u00edm teplot. Nejprve se teploty opisovaly z okenn\u00edho teplom\u011bru. N\u00e1sledn\u011b od roku 1978 existuj\u00ed pravideln\u00e9 z\u00e1pisy teplot, v roce 1980 zde vyrostla prvn\u00ed meteorologick\u00e1 budka. V t\u00e9 dob\u011b v\u0161ak nebylo lehk\u00e9 sehnat kvalitn\u00ed teplom\u011bry, daly se koupit pouze p\u0159es organizaci zahr\u00e1dk\u00e1\u0159\u016f.<\/span><\/p><p class=\"rtejustify\" style=\"text-align: left;\"><span style=\"color: #003366;\">Pot\u00e9, co v odborn\u00e9m meteorologick\u00e9m m\u011bs\u00ed\u010dn\u00edku publikoval \u010dl\u00e1nek ,,<em>Mal\u00fd \u0161umavsk\u00fd z\u00e1zrak roku 1983<\/em>\u201c, se spojil se sv\u00fdm kamar\u00e1dem, zdatn\u00fdm technikem p\u0159es meteorologick\u00e9 p\u0159\u00edstroje a stejn\u00fdm kon\u00ed\u010dk\u00e1\u0159em pro n\u00edzk\u00e9 teploty Josefem Jindrou z Prahy. Od roku 1984 nastala jejich velmi intenzivn\u00ed spolupr\u00e1ce v pr\u016fzkumech dal\u0161\u00edch lokalit nap\u0159\u00ed\u010d \u0160umavou, kde po cel\u00fd rok klesaly teploty pod bod mrazu. Jen na samotn\u00e9 Horsk\u00e9 Kvild\u011b prom\u011b\u0159ovali na mnoha m\u00edstech hned v n\u011bkolika budk\u00e1ch najednou, aby tam zjistili to \u00fapln\u011b nechladn\u011bj\u0161\u00ed m\u00edsto. V roce 1985 objevili mezi Kvildou a Jezern\u00ed slat\u00ed velmi silnou mrazovou lokalitu, kterou n\u00e1sledn\u011b pojmenovali Kvilda-Perla. N\u00e1zev vznikl tak\u00e9 z\u00a0d\u016fvodu nespr\u00e1vn\u00e9 lokalizace stanice novin\u00e1\u0159i, kte\u0159\u00ed j\u00ed prezentovali jako stanice Jezern\u00ed sla\u0165, tedy v m\u00edst\u011b p\u0159\u00edsn\u00e9 rezervace, co\u017e se samoz\u0159ejm\u011b nel\u00edbilo tehdej\u0161\u00ed spr\u00e1v\u011b CHKO \u0160umava. Teploty zde dosahovaly je\u0161t\u011b ni\u017e\u0161\u00edch hodnot ne\u017e obci Horsk\u00e1 Kvilda. Po necel\u00fdch dvou letech provozu zde poklesla teplota natolik, \u017ee nem\u011bla moc daleko do absolutn\u00edho rekordu, minim\u00e1ln\u00edm teplom\u011br\u016fm byly indexy zatla\u010deny a\u017e na \u201341,6 \u00b0C.<\/span><\/p><p class=\"rtejustify\" style=\"text-align: left;\"><span style=\"color: #003366;\">Z vypr\u00e1v\u011bn\u00ed m\u00edstn\u00edch ob\u010dan\u016f Horsk\u00e9 Kvildy o velmi chladn\u00e9m \u00fanoru 1956, kdy na okenn\u00edch teplom\u011brech m\u011bli a\u017e \u201344 \u00b0C je lovec mraz\u016f p\u0159esv\u011bd\u010den, \u017ee na vedlej\u0161\u00ed stanici Kvilda-Perla musela teplota klesat bl\u00edzko k hodnot\u00e1m \u201350 \u00b0C. Bohu\u017eel se v t\u00e9 dob\u011b v t\u011bchto lokalit\u00e1ch je\u0161t\u011b seri\u00f3zn\u011b nem\u011b\u0159ilo.<\/span><\/p><p class=\"rtejustify\" style=\"text-align: left;\"><span style=\"color: #003366;\">Za velk\u00e9 pomoci kolegy Josefa Jindry postupem \u010dasu meteorologick\u00fdch budek p\u0159ib\u00fdvalo, m\u011b\u0159it se za\u010dalo krom\u011b Horsk\u00e9 Kvildy tak\u00e9 na B\u0159ezn\u00edku, na Hlini\u0161ti, v obci Borov\u00e1 Lada, u B\u0159ezov\u00fdch lad, na Rokytsk\u00e9 slati, v doln\u00ed \u010d\u00e1sti Z\u00e1ton\u011b, ve Str\u00e1\u017en\u00e9m, na Polce, na Modrav\u011b \u010di v \u0160indlov\u011b. D\u016fvodem bylo tak\u00e9 p\u0159esv\u011bd\u010dit \u010cHM\u00da, \u017ee mrazov\u00e9 lokality zab\u00edraj\u00ed velk\u00e9 plochy \u0160umavy, kde lid\u00e9 \u017eij\u00ed a pracuj\u00ed, a je tedy pot\u0159eba se t\u00edmto fenom\u00e9nem zab\u00fdvat. Anton\u00edn Vojvod\u00edk m\u011bl \u0161t\u011bst\u00ed, \u017ee se sezn\u00e1mil s n\u011bkolika m\u00edstn\u00edmi ob\u010dany, kte\u0159\u00ed mu s m\u011b\u0159en\u00edm pom\u00e1hali. N\u011bkte\u0159\u00ed, nebo jejich d\u011bti, v\u00a0m\u011b\u0159en\u00ed pokra\u010duj\u00ed a\u017e do dne\u0161n\u00ed doby. T\u00fdden co t\u00fdden od roku 1984, za jak\u00e9hokoliv po\u010das\u00ed vyr\u00e1\u017e\u00ed Anton\u00edn Vojvod\u00edk do oblasti Kvild na ode\u010dty teplom\u011br\u016f a v\u00fdm\u011bnu p\u00e1sek v termografech. V zim\u011b cestoval brzy r\u00e1no dlouh\u00e1 l\u00e9ta autobusem na Kvildu (auto m\u00e1 a\u017e od roku 2005) a odtud obj\u00ed\u017ed\u011bl budky na b\u011b\u017ek\u00e1ch v t\u0159eskut\u00fdch mrazech, za siln\u00e9ho v\u011btru \u010di za de\u0161t\u011b. N\u011bkolikr\u00e1te se stalo, \u017ee posledn\u00ed autobus mu odjel a musel p\u0159es 20 km do Vimperka po sv\u00fdch. Nam\u011b\u0159en\u00e1 data pos\u00edlal do bud\u011bjovick\u00e9 pobo\u010dky \u010cesk\u00e9ho hydrometeorologick\u00e9ho \u00fastavu.<\/span><\/p><p class=\"rtejustify\" style=\"text-align: left;\"><span style=\"color: #003366;\">V posledn\u00edch letech v\u011bt\u0161inou na jeho n\u00e1klady do\u0161lo k postupn\u00e9 automatizaci m\u011b\u0159en\u00ed od profesion\u00e1ln\u00ed firmy z Vod\u0148an. Do meteorologick\u00fdch budek byly nainstalov\u00e1ny digit\u00e1ln\u00ed teplotn\u00ed \u010didla s pam\u011bt\u00ed a odes\u00edl\u00e1n\u00edm nam\u011b\u0159en\u00fdch dat do centr\u00e1ly \u010cHM\u00da. I p\u0159esto pravideln\u011b vyr\u00e1\u017e\u00ed na kontrolu stanic a v\u00fdm\u011bnu p\u00e1sku v termografech, nad\u00e1le pravideln\u011b kontroluje p\u0159esnost nam\u011b\u0159en\u00fdch dat, zda automatika pln\u011b souhlas\u00ed s\u00a0kalibrovan\u00fdmi teplom\u011bry.<\/span><\/p><p class=\"rtejustify\" style=\"text-align: left;\"><span style=\"color: #003366;\">Sou\u010dasn\u00e1 doba spojuje lidi s r\u016fzn\u00fdmi z\u00e1jmy p\u0159es internet, tak se stalo, \u017ee i Anton\u00edn Vojvod\u00edk s Josefem Jindrou, kte\u0159\u00ed desetilet\u00ed d\u011blali v\u00fdzkumy a m\u011b\u0159en\u00ed pouze oni sami, na\u0161li sp\u0159\u00edzn\u011bn\u00e9 nad\u0161ence s\u00a0podobn\u00fdmi z\u00e1jmy. Od roku 2009 se spojili s Markem Matou\u0161kem a jeho \u017eenou, kte\u0159\u00ed provozuj\u00ed \u0161umavsk\u00fd web a velmi kvalitn\u00ed kamery s kr\u00e1sn\u00fdmi pohledy po cel\u00e9 \u0160umav\u011b. Spolupr\u00e1ci nav\u00e1zali tak\u00e9 s milovn\u00edky po\u010das\u00ed Ivo\u0161em Rol\u010d\u00edkem a Jendou Proch\u00e1zkou. V posledn\u00edch letech za\u010dali spole\u010dn\u011b mapovat a stav\u011bt meteostanice v Jizersk\u00fdch, Kru\u0161n\u00fdch, Orlick\u00fdch a Novohradsk\u00fdch hor\u00e1ch. I tyto od \u0160umavy vzd\u00e1len\u00e9 lokality d\u00edky zaveden\u00e9mu m\u011b\u0159en\u00ed teplot po cel\u00fd rok ukazuj\u00ed, \u017ee mr\u00e1z lze za\u017e\u00edt i v jin\u00fdch \u010desk\u00fdch poho\u0159\u00edch. Velk\u00e1 snaha a p\u0159esv\u011bd\u010den\u00ed ,,lovce mraz\u016f\u201c objevit mrazov\u00e9 lokality i mimo \u0160umavu nyn\u00ed p\u0159in\u00e1\u0161\u00ed sv\u00e9 ovoce.<\/span><\/p><p class=\"rtejustify\" style=\"text-align: left;\"><span style=\"color: #003366;\">Anton\u00edn Vojvod\u00edk se nezam\u011b\u0159uje, jak by se mohlo zd\u00e1t, jen na minim\u00e1ln\u00ed teploty, ale spole\u010dn\u011b se \u0161umavsk\u00fdmi kamar\u00e1dy mapuje v\u00fd\u0161ku a v\u00fdskyt sn\u011bhov\u00e9 pokr\u00fdvky po cel\u00e9 \u0160umav\u011b nebo m\u011b\u0159\u00ed sr\u00e1\u017eky v zaj\u00edmav\u00fdch lokalit\u00e1ch. Doslova \u0159\u00edk\u00e1: ,,Na\u0161e nov\u00e1 v\u011bt\u0161\u00ed parta, kdy se navz\u00e1jem podporujeme, toho spole\u010dn\u011b dok\u00e1\u017ee v\u00edce. Po 40 letech m\u00fdch \u0161umavsk\u00fdch v\u00fdzkum\u016f, jsem z \u010derstv\u011b \u017eenat\u00e9ho mlad\u00edka dosp\u011bl a\u017e do d\u016fchodov\u00e9ho v\u011bku, ale u\u017e te\u010f m\u016f\u017eu \u017e\u00edt s v\u011bdom\u00edm, \u017ee m\u00e1me s kolegou Josefem zdatn\u00e9 mlad\u0161\u00ed n\u00e1sledovn\u00edky\u201c. \u00a0<\/span><\/p><p class=\"rtejustify\" style=\"text-align: left;\"><span style=\"color: #003366;\">Ve Vimperku je Anton\u00edn Vojvod\u00edk st\u00e1le dobrovoln\u00fdm pozorovatelem \u010cHM\u00da. Po\u010das\u00ed dok\u00e1\u017ee ob\u011btovat snad ve\u0161ker\u00fd sv\u016fj voln\u00fd \u010das i nemal\u00e9 finan\u010dn\u00ed prost\u0159edky. Bez podpory rodiny a sv\u00fdch bl\u00edzk\u00fdch by to v\u0161ak \u0161lo jen velmi t\u011b\u017eko. D\u00edky modern\u00edm technologi\u00edm je v ka\u017edodenn\u00edm spojen\u00ed s dal\u0161\u00edmi milovn\u00edky po\u010das\u00ed a kamar\u00e1dy nejen na \u0160umav\u011b, ale nap\u0159\u00ed\u010d celou republikou, s kter\u00fdmi konzultuje a prob\u00edr\u00e1 po\u010das\u00ed a jeho v\u00fdvoj. Jak s\u00e1m ji\u017e n\u011bkolikr\u00e1t uv\u00e1d\u011bl, v posledn\u00edch letech jsou zimy slab\u0161\u00ed, teplej\u0161\u00ed a chud\u0161\u00ed na sn\u00edh. To v\u0161ak neznamen\u00e1, \u017ee nem\u016f\u017ee p\u0159ij\u00edt vp\u00e1d velmi chladn\u00e9ho vzduchu a mraziv\u00fd sou\u010dasn\u00fd rekord by byl r\u00e1zem v ohro\u017een\u00ed. Nen\u00ed to tak d\u00e1vno, kdy v \u00fanoru 2012 nebylo k p\u0159ekon\u00e1n\u00ed rekordu moc daleko, teplota na stanici Perla klesla na \u201339,4 \u00b0C. Anton\u00edn Vojvod\u00edk si v\u00a0tu dobu jen posteskl: \u201eOp\u011bt jsme v\u00a0t\u011bchto nad\u011bjn\u00fdch podm\u00ednk\u00e1ch nem\u011bli nad \u0160umavou ide\u00e1ln\u00ed vyjasn\u011bn\u00ed na to, aby ten star\u00fd rekord padl\u201c. K\u00a0tomu jak uv\u00e1d\u00ed je pot\u0159eba krom\u011b absolutn\u011b jasn\u00e9 oblohy, \u00fapln\u00e9 bezv\u011bt\u0159\u00ed, \u010derstv\u011b napadl\u00fd sn\u00edh a velmi chladn\u00fd vzduch ve v\u00fd\u0161ce. Nezb\u00fdv\u00e1 ne\u017e doufat, \u017ee tyto podm\u00ednky nejl\u00e9pe nad \u0160umavou brzy nastanou a Tondovi se spln\u00ed jeho \u017eivotn\u00ed sen. Za svou dlouholetou aktivn\u00ed \u010dinnost v oblasti meteorologie by si to nepochybn\u011b zaslou\u017eil.<\/span><\/p><p class=\"rteright\" style=\"text-align: left;\"><span style=\"color: #003366;\">\u00a0<em>Zpracoval Ivo Rol\u010d\u00edk a amat\u00e9r\u0161t\u00ed meteorologov\u00e9 ze \u0160umavy, 28. prosince 2015<\/em><\/span><\/p>\t\t\t\t\t\t<\/div>\n\t\t\t\t<\/div>\n\t\t\t\t\t<\/div>\n\t\t<\/div>\n\t\t\t\t\t\t\t<\/div>\n\t\t<\/section>\n\t\t\t\t\t\t\t<\/div>\n\t\t","protected":false},"excerpt":{"rendered":"<p>Anton\u00edn Vojvod\u00edk narozen v roce 1950 Anton\u00edn Vojvod\u00edk Teploty hluboko pod bodem mraz\u016f nem\u00e1 v\u011bt\u0161ina lid\u00ed r\u00e1da. Existuj\u00ed v\u0161ak v\u00fdjimky a jednou z nich je Anton\u00edn Vojvod\u00edk z jiho\u010desk\u00e9ho Vimperka. [&hellip;]<\/p>\n","protected":false},"author":3,"featured_media":0,"parent":0,"menu_order":0,"comment_status":"closed","ping_status":"closed","template":"","meta":{"footnotes":""},"class_list":["post-3798","page","type-page","status-publish","hentry","entry"],"_links":{"self":[{"href":"http:\/\/www.cmes.cz\/web\/wp-json\/wp\/v2\/pages\/3798","targetHints":{"allow":["GET"]}}],"collection":[{"href":"http:\/\/www.cmes.cz\/web\/wp-json\/wp\/v2\/pages"}],"about":[{"href":"http:\/\/www.cmes.cz\/web\/wp-json\/wp\/v2\/types\/page"}],"author":[{"embeddable":true,"href":"http:\/\/www.cmes.cz\/web\/wp-json\/wp\/v2\/users\/3"}],"replies":[{"embeddable":true,"href":"http:\/\/www.cmes.cz\/web\/wp-json\/wp\/v2\/comments?post=3798"}],"version-history":[{"count":3,"href":"http:\/\/www.cmes.cz\/web\/wp-json\/wp\/v2\/pages\/3798\/revisions"}],"predecessor-version":[{"id":15964,"href":"http:\/\/www.cmes.cz\/web\/wp-json\/wp\/v2\/pages\/3798\/revisions\/15964"}],"wp:attachment":[{"href":"http:\/\/www.cmes.cz\/web\/wp-json\/wp\/v2\/media?parent=3798"}],"curies":[{"name":"wp","href":"https:\/\/api.w.org\/{rel}","templated":true}]}}