{"id":3471,"date":"2024-01-02T20:03:13","date_gmt":"2024-01-02T19:03:13","guid":{"rendered":"http:\/\/www.cmes.cz\/web\/?page_id=3471"},"modified":"2025-02-20T18:39:20","modified_gmt":"2025-02-20T17:39:20","slug":"jaroslava-kalvova","status":"publish","type":"page","link":"http:\/\/www.cmes.cz\/web\/jaroslava-kalvova\/","title":{"rendered":"Jaroslava Kalvov\u00e1"},"content":{"rendered":"\t\t<div data-elementor-type=\"wp-page\" data-elementor-id=\"3471\" class=\"elementor elementor-3471\">\n\t\t\t\t\t\t\t\t\t<section class=\"elementor-section elementor-top-section elementor-element elementor-element-41a90d6 elementor-section-boxed elementor-section-height-default elementor-section-height-default\" data-id=\"41a90d6\" data-element_type=\"section\" data-settings=\"{&quot;_ha_eqh_enable&quot;:false}\">\n\t\t\t\t\t\t<div class=\"elementor-container elementor-column-gap-default\">\n\t\t\t\t\t<div class=\"elementor-column elementor-col-100 elementor-top-column elementor-element elementor-element-e7f09fb\" data-id=\"e7f09fb\" data-element_type=\"column\">\n\t\t\t<div class=\"elementor-widget-wrap elementor-element-populated\">\n\t\t\t\t\t\t\t\t<div class=\"elementor-element elementor-element-d903f0e elementor-widget elementor-widget-heading\" data-id=\"d903f0e\" data-element_type=\"widget\" data-widget_type=\"heading.default\">\n\t\t\t\t<div class=\"elementor-widget-container\">\n\t\t\t<style>\/*! elementor - v3.17.0 - 08-11-2023 *\/\n.elementor-heading-title{padding:0;margin:0;line-height:1}.elementor-widget-heading .elementor-heading-title[class*=elementor-size-]>a{color:inherit;font-size:inherit;line-height:inherit}.elementor-widget-heading .elementor-heading-title.elementor-size-small{font-size:15px}.elementor-widget-heading .elementor-heading-title.elementor-size-medium{font-size:19px}.elementor-widget-heading .elementor-heading-title.elementor-size-large{font-size:29px}.elementor-widget-heading .elementor-heading-title.elementor-size-xl{font-size:39px}.elementor-widget-heading .elementor-heading-title.elementor-size-xxl{font-size:59px}<\/style><h1 class=\"elementor-heading-title elementor-size-xl\">Jaroslava Kalvov\u00e1<\/h1>\t\t<\/div>\n\t\t\t\t<\/div>\n\t\t\t\t\t<\/div>\n\t\t<\/div>\n\t\t\t\t\t\t\t<\/div>\n\t\t<\/section>\n\t\t\t\t<section class=\"elementor-section elementor-top-section elementor-element elementor-element-7c97766 elementor-section-boxed elementor-section-height-default elementor-section-height-default\" data-id=\"7c97766\" data-element_type=\"section\" data-settings=\"{&quot;_ha_eqh_enable&quot;:false}\">\n\t\t\t\t\t\t<div class=\"elementor-container elementor-column-gap-default\">\n\t\t\t\t\t<div class=\"elementor-column elementor-col-100 elementor-top-column elementor-element elementor-element-388da38\" data-id=\"388da38\" data-element_type=\"column\">\n\t\t\t<div class=\"elementor-widget-wrap elementor-element-populated\">\n\t\t\t\t\t\t\t\t<div class=\"elementor-element elementor-element-f51601b elementor-widget elementor-widget-text-editor\" data-id=\"f51601b\" data-element_type=\"widget\" data-widget_type=\"text-editor.default\">\n\t\t\t\t<div class=\"elementor-widget-container\">\n\t\t\t<style>\/*! elementor - v3.17.0 - 08-11-2023 *\/\n.elementor-widget-text-editor.elementor-drop-cap-view-stacked .elementor-drop-cap{background-color:#69727d;color:#fff}.elementor-widget-text-editor.elementor-drop-cap-view-framed .elementor-drop-cap{color:#69727d;border:3px solid;background-color:transparent}.elementor-widget-text-editor:not(.elementor-drop-cap-view-default) .elementor-drop-cap{margin-top:8px}.elementor-widget-text-editor:not(.elementor-drop-cap-view-default) .elementor-drop-cap-letter{width:1em;height:1em}.elementor-widget-text-editor .elementor-drop-cap{float:left;text-align:center;line-height:1;font-size:50px}.elementor-widget-text-editor .elementor-drop-cap-letter{display:inline-block}<\/style>\t\t\t\t<h2 style=\"text-align: center;\"><span style=\"color: #003366;\"><strong>1940\u20132020<\/strong><\/span><\/h2>\t\t\t\t\t\t<\/div>\n\t\t\t\t<\/div>\n\t\t\t\t\t<\/div>\n\t\t<\/div>\n\t\t\t\t\t\t\t<\/div>\n\t\t<\/section>\n\t\t\t\t<section class=\"elementor-section elementor-top-section elementor-element elementor-element-bf3ff4e elementor-section-boxed elementor-section-height-default elementor-section-height-default\" data-id=\"bf3ff4e\" data-element_type=\"section\" data-settings=\"{&quot;_ha_eqh_enable&quot;:false}\">\n\t\t\t\t\t\t<div class=\"elementor-container elementor-column-gap-default\">\n\t\t\t\t\t<div class=\"elementor-column elementor-col-50 elementor-top-column elementor-element elementor-element-98aac9a\" data-id=\"98aac9a\" data-element_type=\"column\">\n\t\t\t<div class=\"elementor-widget-wrap elementor-element-populated\">\n\t\t\t\t\t\t\t\t<div class=\"elementor-element elementor-element-e81dfb6 elementor-widget elementor-widget-image\" data-id=\"e81dfb6\" data-element_type=\"widget\" data-widget_type=\"image.default\">\n\t\t\t\t<div class=\"elementor-widget-container\">\n\t\t\t<style>\/*! elementor - v3.17.0 - 08-11-2023 *\/\n.elementor-widget-image{text-align:center}.elementor-widget-image a{display:inline-block}.elementor-widget-image a img[src$=\".svg\"]{width:48px}.elementor-widget-image img{vertical-align:middle;display:inline-block}<\/style>\t\t\t\t\t\t\t\t\t\t\t\t\t<a href=\"http:\/\/www.cmes.cz\/web\/wp-content\/uploads\/2024\/01\/Kalvova.jpg\" data-elementor-open-lightbox=\"yes\" data-elementor-lightbox-title=\"Kalvov\u00e1\" data-e-action-hash=\"#elementor-action%3Aaction%3Dlightbox%26settings%3DeyJpZCI6NDU2NSwidXJsIjoiaHR0cDpcL1wvd3d3LmNtZXMuY3pcL3dlYlwvd3AtY29udGVudFwvdXBsb2Fkc1wvMjAyNFwvMDFcL0thbHZvdmEuanBnIn0%3D\">\n\t\t\t\t\t\t\t<img loading=\"lazy\" decoding=\"async\" width=\"187\" height=\"234\" src=\"http:\/\/www.cmes.cz\/web\/wp-content\/uploads\/2024\/01\/Kalvova.jpg\" class=\"attachment-medium size-medium wp-image-4565\" alt=\"\" \/>\t\t\t\t\t\t\t\t<\/a>\n\t\t\t\t\t\t\t\t\t\t\t\t\t\t\t<\/div>\n\t\t\t\t<\/div>\n\t\t\t\t\t<\/div>\n\t\t<\/div>\n\t\t\t\t<div class=\"elementor-column elementor-col-50 elementor-top-column elementor-element elementor-element-5a6a8a6\" data-id=\"5a6a8a6\" data-element_type=\"column\">\n\t\t\t<div class=\"elementor-widget-wrap elementor-element-populated\">\n\t\t\t\t\t\t\t\t<div class=\"elementor-element elementor-element-ef7c764 elementor-widget elementor-widget-text-editor\" data-id=\"ef7c764\" data-element_type=\"widget\" data-widget_type=\"text-editor.default\">\n\t\t\t\t<div class=\"elementor-widget-container\">\n\t\t\t\t\t\t\t<h2 style=\"text-align: left;\"><span style=\"color: #003366;\"><strong>Opustila n\u00e1s doc. RNDr. Jaroslava Kalvov\u00e1, CSc.,<\/strong><\/span><br \/><span style=\"color: #003366;\"><strong>nar. 27. 4. 1940 ve Slatinic\u00edch, + 10. 1. 2020 v Praze<\/strong><\/span><\/h2><p style=\"text-align: left;\"><span style=\"color: #003366;\">Pan\u00ed docentka Jaroslava Kalvov\u00e1 ode\u0161la ne\u010dekan\u011b po velice kr\u00e1tk\u00e9 t\u011b\u017ek\u00e9 nemoci, \u010d\u00edm\u017e up\u0159\u00edmn\u011b zarmoutila svoji rodinu, p\u0159\u00e1tele, profesn\u00ed kolegy i dlouhou \u0159adu sv\u00fdch b\u00fdval\u00fdch student\u016f. Cel\u00fd sv\u016fj dlouh\u00fd a bohat\u00fd profesn\u00ed \u017eivot spojila s Matematicko-fyzik\u00e1ln\u00ed fakultou. Po absolvov\u00e1n\u00ed studia a tehdej\u0161\u00ed v\u011bdeck\u00e9 aspirantury zde v letech 1966\u20131998 p\u016fsobila jako v\u011bdeck\u00e1 pracovnice, v roce 1998 se habilitovala a posl\u00e9ze zast\u00e1vala pozici docenta meteorologie, od roku 2005 jako emeritn\u00ed pracovnice fakulty.<\/span><\/p>\t\t\t\t\t\t<\/div>\n\t\t\t\t<\/div>\n\t\t\t\t\t<\/div>\n\t\t<\/div>\n\t\t\t\t\t\t\t<\/div>\n\t\t<\/section>\n\t\t\t\t<section class=\"elementor-section elementor-top-section elementor-element elementor-element-e93c11f elementor-section-boxed elementor-section-height-default elementor-section-height-default\" data-id=\"e93c11f\" data-element_type=\"section\" data-settings=\"{&quot;_ha_eqh_enable&quot;:false}\">\n\t\t\t\t\t\t<div class=\"elementor-container elementor-column-gap-default\">\n\t\t\t\t\t<div class=\"elementor-column elementor-col-100 elementor-top-column elementor-element elementor-element-6b169ea\" data-id=\"6b169ea\" data-element_type=\"column\">\n\t\t\t<div class=\"elementor-widget-wrap elementor-element-populated\">\n\t\t\t\t\t\t\t\t<div class=\"elementor-element elementor-element-768db9e elementor-widget elementor-widget-text-editor\" data-id=\"768db9e\" data-element_type=\"widget\" data-widget_type=\"text-editor.default\">\n\t\t\t\t<div class=\"elementor-widget-container\">\n\t\t\t\t\t\t\t<p style=\"text-align: left;\"><span style=\"color: #003366;\">Jej\u00edm p\u016fsobi\u0161t\u011bm byla nyn\u011bj\u0161\u00ed Katedra fyziky atmosf\u00e9ry, kde je\u0161t\u011b nyn\u00ed na podzim aktivn\u011b p\u0159edn\u00e1\u0161ela, \u00fa\u010dastnila se v\u00fdzkumu a p\u0159ipravovala publika\u010dn\u00ed v\u00fdstupy.\u00a0Tato katedra, i kdy\u017e v pr\u016fb\u011bhu \u010dasu n\u011bkolikr\u00e1t zm\u011bnila sv\u016fj p\u0159esn\u00fd n\u00e1zev a organiza\u010dn\u00ed za\u010dlen\u011bn\u00ed do struktury fakulty, byla jej\u00edm trval\u00fdm pracovi\u0161t\u011bm.<\/span><br \/><span style=\"color: #003366;\">Doc. Kalvov\u00e1 se v\u011bdecky zam\u011b\u0159ovala zejm\u00e9na na teorii klimatu, anal\u00fdzu d\u011bj\u016f v komplexn\u00edm klimatick\u00e9m syst\u00e9mu, klimatick\u00e9 modelov\u00e1n\u00ed a problematiku v\u00fdvoje zemsk\u00e9ho klimatu a klimatick\u00fdch zm\u011bn. Jej\u00ed pr\u00e1ce se v\u00fdznamn\u011b orientovaly na t\u00e9mata \u00fazce souvisej\u00edc\u00ed s dnes aktu\u00e1ln\u00ed problematikou vlivu \u010dlov\u011bka na klima a jeho zm\u011bny. V pr\u00e1v\u011b t\u011bchto oblastech byla zesnul\u00e1 \u0161pi\u010dkovou v\u011bdeckou osobnost\u00ed, kter\u00e1 se po n\u011bkolik des\u00edtek let zcela podstatnou m\u011brou pod\u00edlela na rozvoji a sm\u011b\u0159ov\u00e1n\u00ed \u010deskoslovensk\u00e9 a \u010desk\u00e9 klimatologie a z\u00e1sadn\u011b p\u0159isp\u011bla k jej\u00ed dne\u0161n\u00ed sv\u011btov\u00e9 \u00farovni. Byla v\u0161eobecn\u011b uzn\u00e1v\u00e1na a vysoce oce\u0148ov\u00e1na jako vynikaj\u00edc\u00ed expertka v obt\u00ed\u017en\u00e9 tematice matematick\u00e9ho modelov\u00e1n\u00ed klimatu a interpretac\u00ed jeho v\u00fdsledk\u016f z hlediska hodnocen\u00ed p\u0159\u00edrodn\u00edch i antropogenn\u00edch vliv\u016f na klimatick\u00e9 pom\u011bry v rozs\u00e1hl\u00e9 \u0161k\u00e1le prostorov\u00fdch m\u011b\u0159\u00edtek a vytv\u00e1\u0159en\u00ed v\u00fdvojov\u00fdch sc\u00e9n\u00e1\u0159\u016f klimatu. Zanech\u00e1v\u00e1 n\u00e1m za sebou t\u00e9\u017e neoby\u010dejn\u011b v\u00fdraznou stopu na poli progresivn\u00edho rozvoje statistick\u00fdch metod a jejich aplikac\u00ed v meteorologii a klimatologii, a to p\u0159edev\u0161\u00edm ve vztahu k anal\u00fdz\u00e1m a interpretac\u00edm mimo\u0159\u00e1dn\u011b rozs\u00e1hl\u00fdch a slo\u017eit\u011b strukturovan\u00fdch datov\u00fdch soubor\u016f charakterizuj\u00edc\u00edch \u0161irok\u00e9 spektrum meteorologick\u00fdch a klimatologick\u00fdch proces\u016f a jejich komplikovan\u00fdch vz\u00e1jemn\u00fdch vazeb. Pominout nelze anga\u017eovanost pan\u00ed doc. Kalvov\u00e9 v N\u00e1rodn\u00edm klimatick\u00e9m programu. Aktivn\u011b, a mo\u017eno \u0159\u00edci, \u017ee nezastupiteln\u00fdm zp\u016fsobem, se po celou dobu jeho existence pod\u00edlela na v\u00fdzkumn\u00fdch aktivit\u00e1ch, publikac\u00edch, populariza\u010dn\u00ed \u010dinnosti i organiza\u010dn\u00edm zaji\u0161t\u011bn\u00ed. Jist\u011b nutno zm\u00ednit i dlouhodob\u00fd pod\u00edl zesnul\u00e9 na \u017eivot\u011b a \u010dinnosti n\u011bkdej\u0161\u00ed \u010ceskoslovensk\u00e9, pozd\u011bji a nyn\u00ed \u010cesk\u00e9 meteorologick\u00e9 spole\u010dnosti. B\u00fdvala velmi obl\u00edbenou a nep\u0159ehl\u00e9dnutelnou \u00fa\u010dastnic\u00ed ka\u017edoro\u010dn\u00edch v\u00fdro\u010dn\u00edch semin\u00e1\u0159\u016f t\u00e9to spole\u010dnosti i dal\u0161\u00edch konferen\u010dn\u00edch a semin\u00e1rn\u00edch akc\u00ed. P\u0159i t\u011bchto p\u0159\u00edle\u017eitostech postupn\u011b p\u0159ednesla dlouhou \u0159adu inspirativn\u00edch a v\u017edy pe\u010dliv\u011b p\u0159ipraven\u00fdch refer\u00e1t\u016f.<\/span><br \/><span style=\"color: #003366;\">Velmi p\u0159\u00ednosn\u00e9 v\u017edy bylo t\u00e9\u017e jej\u00ed kvalifikovan\u00e9 zapojov\u00e1n\u00ed se p\u0159\u00edslu\u0161n\u00fdch odborn\u00fdch a v\u011bdeck\u00fdch diskus\u00ed. Pozornost si nepochybn\u011b zaslou\u017e\u00ed i pod\u00edl zesnul\u00e9 na prvn\u00edm kni\u017en\u00edm vyd\u00e1n\u00ed Meteorologick\u00e9ho v\u00fdkladov\u00e9ho a terminologick\u00e9ho slovn\u00edku<\/span><br \/><span style=\"color: #003366;\">vydan\u00e9ho roku 1993, pro n\u011bj\u017e zpracovala, pop\u0159. upravila velk\u00fd soubor hesel z cel\u00e9 tematick\u00e9 oblasti klimatologie. Odborn\u00e1<\/span><br \/><span style=\"color: #003366;\">a v\u011bdeck\u00e1 \u010dinnost doc. Kalvov\u00e9 m\u011bla p\u0159\u00edm\u00fd vztah k jej\u00ed obecn\u00e9 l\u00e1sce k p\u0159\u00edrod\u011b, kter\u00e1 se mj. projevovala sportovn\u00edmi aktivitami v oblastech vysokohorsk\u00e9 a vodn\u00ed turistiky, kde se po mnoho let ob\u011btav\u011b pod\u00edlela na v\u00fdchov\u011b ml\u00e1de\u017ee a sportovn\u00edho dorostu.<\/span><br \/><span style=\"color: #003366;\">Zcela mimo\u0159\u00e1dn\u00fd byl osobn\u00ed p\u0159\u00ednos pan\u00ed doc. Kalvov\u00e9 v oblasti vysoko\u0161kolsk\u00e9 v\u00fduky a v\u00fdchovy odborn\u00fdch a v\u011bdeck\u00fdch<\/span><br \/><span style=\"color: #003366;\">pracovn\u00edk\u016f v oboru meteorologie a klimatologie. Byla vysoce cen\u011bnou p\u0159edn\u00e1\u0161ej\u00edc\u00ed, organiz\u00e1torkou a vedouc\u00ed studentsk\u00fdch semin\u00e1\u0159\u016f, nesm\u00edrn\u011b ob\u011btavou, laskavou a p\u0159itom n\u00e1ro\u010dnou a velice v\u00fdkonnou vedouc\u00ed dlouh\u00e9 \u0159ady diplomov\u00fdch prac\u00ed a doktorsk\u00fdch dizertac\u00ed. Svoj\u00ed neoby\u010dejn\u011b rozs\u00e1hlou, iniciativn\u00ed a nezi\u0161tnou pedagogickou \u010dinnost\u00ed z\u00e1sadn\u011b zformovala tak\u0159ka dv\u011b generace na\u0161ich klimatolog\u016f. Pan\u00ed doc. Kalvov\u00e1 se rovn\u011b\u017e aktivn\u011b \u00fa\u010dastnila nespo\u010dtu populariza\u010dn\u00edch akc\u00ed pro ve\u0159ejnost, dlouhodob\u011b se zapojovala do program\u016f Univerzity t\u0159et\u00edho v\u011bku a do mnoha dal\u0161\u00edch z\u00e1jmov\u00fdch a vzd\u011bl\u00e1vac\u00edch akc\u00ed organizovan\u00fdch pro st\u0159edn\u00ed i z\u00e1kladn\u00ed \u0161koly. Zv\u011b\u010dn\u011bl\u00e1 tak z\u016fstane trvale zaps\u00e1na v pam\u011bti nejen na\u0161ich odborn\u00fdch a v\u011bdeck\u00fdch kruh\u016f, ale jist\u011b i ve v\u011bdom\u00ed mnoha z\u00e1jemc\u016f o meteorologii a klimatologii z \u0161irok\u00e9 ve\u0159ejnosti.<\/span><br \/><span style=\"color: #003366;\">S pan\u00ed docentkou Kalvovou se fakultn\u00ed a univerzitn\u00ed ve\u0159ejnost i \u0161ir\u0161\u00ed meteorologick\u00e1 a klimatologick\u00e1 komunita rozlou\u010dila<\/span><br \/><span style=\"color: #003366;\">dne 17. 1. 2020 ve 13 hod. ve Velk\u00e9 ob\u0159adn\u00ed s\u00edni krematoria v Praze \u2013 Stra\u0161nic\u00edch.<\/span><\/p><p style=\"text-align: left;\"><span style=\"color: #003366;\"><em>Jan Bedn\u00e1\u0159, MZ 2020\/1<\/em><\/span><\/p>\t\t\t\t\t\t<\/div>\n\t\t\t\t<\/div>\n\t\t\t\t\t<\/div>\n\t\t<\/div>\n\t\t\t\t\t\t\t<\/div>\n\t\t<\/section>\n\t\t\t\t\t\t\t<\/div>\n\t\t","protected":false},"excerpt":{"rendered":"<p>Jaroslava Kalvov\u00e1 1940\u20132020 Opustila n\u00e1s doc. RNDr. Jaroslava Kalvov\u00e1, CSc.,nar. 27. 4. 1940 ve Slatinic\u00edch, + 10. 1. 2020 v Praze Pan\u00ed docentka Jaroslava Kalvov\u00e1 ode\u0161la ne\u010dekan\u011b po velice kr\u00e1tk\u00e9 [&hellip;]<\/p>\n","protected":false},"author":3,"featured_media":0,"parent":0,"menu_order":0,"comment_status":"closed","ping_status":"closed","template":"","meta":{"footnotes":""},"class_list":["post-3471","page","type-page","status-publish","hentry","entry"],"_links":{"self":[{"href":"http:\/\/www.cmes.cz\/web\/wp-json\/wp\/v2\/pages\/3471","targetHints":{"allow":["GET"]}}],"collection":[{"href":"http:\/\/www.cmes.cz\/web\/wp-json\/wp\/v2\/pages"}],"about":[{"href":"http:\/\/www.cmes.cz\/web\/wp-json\/wp\/v2\/types\/page"}],"author":[{"embeddable":true,"href":"http:\/\/www.cmes.cz\/web\/wp-json\/wp\/v2\/users\/3"}],"replies":[{"embeddable":true,"href":"http:\/\/www.cmes.cz\/web\/wp-json\/wp\/v2\/comments?post=3471"}],"version-history":[{"count":3,"href":"http:\/\/www.cmes.cz\/web\/wp-json\/wp\/v2\/pages\/3471\/revisions"}],"predecessor-version":[{"id":15515,"href":"http:\/\/www.cmes.cz\/web\/wp-json\/wp\/v2\/pages\/3471\/revisions\/15515"}],"wp:attachment":[{"href":"http:\/\/www.cmes.cz\/web\/wp-json\/wp\/v2\/media?parent=3471"}],"curies":[{"name":"wp","href":"https:\/\/api.w.org\/{rel}","templated":true}]}}