{"id":3104,"date":"2023-12-29T19:21:50","date_gmt":"2023-12-29T18:21:50","guid":{"rendered":"http:\/\/www.cmes.cz\/web\/?page_id=3104"},"modified":"2025-02-23T10:39:04","modified_gmt":"2025-02-23T09:39:04","slug":"jarmila-reinhartova","status":"publish","type":"page","link":"http:\/\/www.cmes.cz\/web\/jarmila-reinhartova\/","title":{"rendered":"Jarmila Reinhartov\u00e1"},"content":{"rendered":"\t\t<div data-elementor-type=\"wp-page\" data-elementor-id=\"3104\" class=\"elementor elementor-3104\">\n\t\t\t\t\t\t\t\t\t<section class=\"elementor-section elementor-top-section elementor-element elementor-element-41a90d6 elementor-section-boxed elementor-section-height-default elementor-section-height-default\" data-id=\"41a90d6\" data-element_type=\"section\" data-settings=\"{&quot;_ha_eqh_enable&quot;:false}\">\n\t\t\t\t\t\t<div class=\"elementor-container elementor-column-gap-default\">\n\t\t\t\t\t<div class=\"elementor-column elementor-col-100 elementor-top-column elementor-element elementor-element-e7f09fb\" data-id=\"e7f09fb\" data-element_type=\"column\">\n\t\t\t<div class=\"elementor-widget-wrap elementor-element-populated\">\n\t\t\t\t\t\t\t\t<div class=\"elementor-element elementor-element-d903f0e elementor-widget elementor-widget-heading\" data-id=\"d903f0e\" data-element_type=\"widget\" data-widget_type=\"heading.default\">\n\t\t\t\t<div class=\"elementor-widget-container\">\n\t\t\t<style>\/*! elementor - v3.17.0 - 08-11-2023 *\/\n.elementor-heading-title{padding:0;margin:0;line-height:1}.elementor-widget-heading .elementor-heading-title[class*=elementor-size-]>a{color:inherit;font-size:inherit;line-height:inherit}.elementor-widget-heading .elementor-heading-title.elementor-size-small{font-size:15px}.elementor-widget-heading .elementor-heading-title.elementor-size-medium{font-size:19px}.elementor-widget-heading .elementor-heading-title.elementor-size-large{font-size:29px}.elementor-widget-heading .elementor-heading-title.elementor-size-xl{font-size:39px}.elementor-widget-heading .elementor-heading-title.elementor-size-xxl{font-size:59px}<\/style><h1 class=\"elementor-heading-title elementor-size-xl\">Jarmila Reinhartov\u00e1<\/h1>\t\t<\/div>\n\t\t\t\t<\/div>\n\t\t\t\t\t<\/div>\n\t\t<\/div>\n\t\t\t\t\t\t\t<\/div>\n\t\t<\/section>\n\t\t\t\t<section class=\"elementor-section elementor-top-section elementor-element elementor-element-7c97766 elementor-section-boxed elementor-section-height-default elementor-section-height-default\" data-id=\"7c97766\" data-element_type=\"section\" data-settings=\"{&quot;_ha_eqh_enable&quot;:false}\">\n\t\t\t\t\t\t<div class=\"elementor-container elementor-column-gap-default\">\n\t\t\t\t\t<div class=\"elementor-column elementor-col-100 elementor-top-column elementor-element elementor-element-388da38\" data-id=\"388da38\" data-element_type=\"column\">\n\t\t\t<div class=\"elementor-widget-wrap elementor-element-populated\">\n\t\t\t\t\t\t\t\t<div class=\"elementor-element elementor-element-f51601b elementor-widget elementor-widget-text-editor\" data-id=\"f51601b\" data-element_type=\"widget\" data-widget_type=\"text-editor.default\">\n\t\t\t\t<div class=\"elementor-widget-container\">\n\t\t\t<style>\/*! elementor - v3.17.0 - 08-11-2023 *\/\n.elementor-widget-text-editor.elementor-drop-cap-view-stacked .elementor-drop-cap{background-color:#69727d;color:#fff}.elementor-widget-text-editor.elementor-drop-cap-view-framed .elementor-drop-cap{color:#69727d;border:3px solid;background-color:transparent}.elementor-widget-text-editor:not(.elementor-drop-cap-view-default) .elementor-drop-cap{margin-top:8px}.elementor-widget-text-editor:not(.elementor-drop-cap-view-default) .elementor-drop-cap-letter{width:1em;height:1em}.elementor-widget-text-editor .elementor-drop-cap{float:left;text-align:center;line-height:1;font-size:50px}.elementor-widget-text-editor .elementor-drop-cap-letter{display:inline-block}<\/style>\t\t\t\t<h2 style=\"text-align: center;\"><span style=\"color: #003366;\"><strong>1933\u20132015<\/strong><\/span><\/h2>\t\t\t\t\t\t<\/div>\n\t\t\t\t<\/div>\n\t\t\t\t\t<\/div>\n\t\t<\/div>\n\t\t\t\t\t\t\t<\/div>\n\t\t<\/section>\n\t\t\t\t<section class=\"elementor-section elementor-top-section elementor-element elementor-element-bf3ff4e elementor-section-boxed elementor-section-height-default elementor-section-height-default\" data-id=\"bf3ff4e\" data-element_type=\"section\" data-settings=\"{&quot;_ha_eqh_enable&quot;:false}\">\n\t\t\t\t\t\t<div class=\"elementor-container elementor-column-gap-default\">\n\t\t\t\t\t<div class=\"elementor-column elementor-col-50 elementor-top-column elementor-element elementor-element-98aac9a\" data-id=\"98aac9a\" data-element_type=\"column\">\n\t\t\t<div class=\"elementor-widget-wrap elementor-element-populated\">\n\t\t\t\t\t\t\t\t<div class=\"elementor-element elementor-element-e81dfb6 elementor-widget elementor-widget-image\" data-id=\"e81dfb6\" data-element_type=\"widget\" data-widget_type=\"image.default\">\n\t\t\t\t<div class=\"elementor-widget-container\">\n\t\t\t<style>\/*! elementor - v3.17.0 - 08-11-2023 *\/\n.elementor-widget-image{text-align:center}.elementor-widget-image a{display:inline-block}.elementor-widget-image a img[src$=\".svg\"]{width:48px}.elementor-widget-image img{vertical-align:middle;display:inline-block}<\/style>\t\t\t\t\t\t\t\t\t\t\t\t\t<a href=\"http:\/\/www.cmes.cz\/web\/wp-content\/uploads\/2023\/12\/femaleIcon.png\" data-elementor-open-lightbox=\"yes\" data-elementor-lightbox-title=\"femaleIcon\" data-e-action-hash=\"#elementor-action%3Aaction%3Dlightbox%26settings%3DeyJpZCI6MTU3MSwidXJsIjoiaHR0cDpcL1wvd3d3LmNtZXMuY3pcL3dlYlwvd3AtY29udGVudFwvdXBsb2Fkc1wvMjAyM1wvMTJcL2ZlbWFsZUljb24ucG5nIn0%3D\">\n\t\t\t\t\t\t\t<img loading=\"lazy\" decoding=\"async\" width=\"300\" height=\"300\" src=\"http:\/\/www.cmes.cz\/web\/wp-content\/uploads\/2023\/12\/femaleIcon-300x300.png\" class=\"attachment-medium size-medium wp-image-1571\" alt=\"\" srcset=\"http:\/\/www.cmes.cz\/web\/wp-content\/uploads\/2023\/12\/femaleIcon-300x300.png 300w, http:\/\/www.cmes.cz\/web\/wp-content\/uploads\/2023\/12\/femaleIcon-150x150.png 150w, http:\/\/www.cmes.cz\/web\/wp-content\/uploads\/2023\/12\/femaleIcon.png 512w\" sizes=\"auto, (max-width: 300px) 100vw, 300px\" \/>\t\t\t\t\t\t\t\t<\/a>\n\t\t\t\t\t\t\t\t\t\t\t\t\t\t\t<\/div>\n\t\t\t\t<\/div>\n\t\t\t\t\t<\/div>\n\t\t<\/div>\n\t\t\t\t<div class=\"elementor-column elementor-col-50 elementor-top-column elementor-element elementor-element-5a6a8a6\" data-id=\"5a6a8a6\" data-element_type=\"column\">\n\t\t\t<div class=\"elementor-widget-wrap elementor-element-populated\">\n\t\t\t\t\t\t\t\t<div class=\"elementor-element elementor-element-ef7c764 elementor-widget elementor-widget-text-editor\" data-id=\"ef7c764\" data-element_type=\"widget\" data-widget_type=\"text-editor.default\">\n\t\t\t\t<div class=\"elementor-widget-container\">\n\t\t\t\t\t\t\t<h2 style=\"text-align: left;\"><span style=\"color: #003366;\"><strong>Opustila n\u00e1s Jarmila Reinhartov\u00e1<\/strong><\/span><\/h2><p class=\"rtejustify\" style=\"text-align: left;\"><span style=\"color: #003366;\">Po dlouh\u00e9 a t\u011b\u017ek\u00e9 nemoci zem\u0159ela 6. 3. 2015 dlouholet\u00e1 pracovnice Hydrometeorologick\u00e9ho \u00fastavu, na\u0161e b\u00fdval\u00e1 kolegyn\u011b, pan\u00ed Jarmila Reinhartov\u00e1. Narodila se 25. 5. 1933 v Praze. Matematicko-fyzik\u00e1ln\u00ed fakultu UK absolvovala v roce 1956 a v roce 1972 z\u00edskala hodnost kandid\u00e1ta v\u011bd. V odboru klimatologie v Hole\u010dkov\u011b ulici vedla sr\u00e1\u017ekom\u011brnou skupinu a po reorganizaci \u00fastavu v roce 1980 pracovala jako klimatolog v odboru re\u017eimov\u00fdch informac\u00ed. Nikdy nem\u011bla ambice dos\u00e1hnout na vedouc\u00ed m\u00edsta, ale jej\u00ed pracovn\u00ed nasazen\u00ed bylo v\u017edy p\u0159\u00edkladn\u00e9. P\u0159ev\u00e1\u017en\u011b se v\u011bnovala zpracov\u00e1n\u00ed sr\u00e1\u017eek, ale nevyh\u00fdbala se ani jin\u00fdm meteorologick\u00fdm prvk\u016fm.<\/span><\/p>\t\t\t\t\t\t<\/div>\n\t\t\t\t<\/div>\n\t\t\t\t\t<\/div>\n\t\t<\/div>\n\t\t\t\t\t\t\t<\/div>\n\t\t<\/section>\n\t\t\t\t<section class=\"elementor-section elementor-top-section elementor-element elementor-element-e93c11f elementor-section-boxed elementor-section-height-default elementor-section-height-default\" data-id=\"e93c11f\" data-element_type=\"section\" data-settings=\"{&quot;_ha_eqh_enable&quot;:false}\">\n\t\t\t\t\t\t<div class=\"elementor-container elementor-column-gap-default\">\n\t\t\t\t\t<div class=\"elementor-column elementor-col-100 elementor-top-column elementor-element elementor-element-6b169ea\" data-id=\"6b169ea\" data-element_type=\"column\">\n\t\t\t<div class=\"elementor-widget-wrap elementor-element-populated\">\n\t\t\t\t\t\t\t\t<div class=\"elementor-element elementor-element-768db9e elementor-widget elementor-widget-text-editor\" data-id=\"768db9e\" data-element_type=\"widget\" data-widget_type=\"text-editor.default\">\n\t\t\t\t<div class=\"elementor-widget-container\">\n\t\t\t\t\t\t\t<p class=\"rtejustify\" style=\"text-align: left;\"><span style=\"color: #003366;\">Jenom v \u010dasopisu Meteorologick\u00e9 zpr\u00e1vy vyd\u00e1van\u00e9m \u00fastavem, m\u016f\u017eeme naj\u00edt v\u00edc ne\u017e deset jej\u00edch odborn\u00fdch \u010dl\u00e1nk\u016f. P\u0159isp\u00edvala i do dal\u0161\u00edch \u00fastavn\u00edch edic a publikac\u00ed jako jsou Sborn\u00edk prac\u00ed, Pr\u00e1ce a studie, Podneb\u00ed a vodn\u00ed re\u017eim \u010cSSR. Zpracov\u00e1n\u00ed klimatologick\u00fdch informac\u00ed. Stru\u010dn\u00e1 klimatografie sv\u011bta pro leteckou a jinou dopravu, kterou napsala spole\u010dn\u011b s Dr. Trefnou v roce 1959, byla v dob\u011b neexistence internetu v\u00fdborn\u00fdm pracovn\u00edm n\u00e1strojem.<\/span><\/p><p class=\"rtejustify\" style=\"text-align: left;\"><span style=\"color: #003366;\">Jarmilu m\u011bli v\u0161ichni v jej\u00edm okol\u00ed r\u00e1di. Byla v\u017edy up\u0159\u00edmn\u00e1, ale p\u0159itom i laskav\u00e1. Dodnes vzpom\u00edn\u00e1m, jak hezky m\u011b um\u011bla upozornit na moje nedostate\u010dn\u00e9 pracovn\u00ed nasazen\u00ed v dob\u011b z\u00e1cviku. Byla miluj\u00edc\u00ed matka a man\u017eelka a sv\u00e9mu man\u017eelu Mirkovi byla, dokud j\u00ed to zdrav\u00ed umo\u017enilo, velkou oporou. Budeme na ni vzpom\u00ednat jen v dobr\u00e9m. \u010cest jej\u00ed pam\u00e1tce.<\/span><\/p><p class=\"rteright\" style=\"text-align: left;\"><span style=\"color: #003366;\"><em>Lubo\u0161 N\u011bmec,<\/em> <em>MZ 2015\/2, ro\u010dn\u00edk 68, str. 64<\/em><\/span><\/p>\t\t\t\t\t\t<\/div>\n\t\t\t\t<\/div>\n\t\t\t\t\t<\/div>\n\t\t<\/div>\n\t\t\t\t\t\t\t<\/div>\n\t\t<\/section>\n\t\t\t\t\t\t\t<\/div>\n\t\t","protected":false},"excerpt":{"rendered":"<p>Jarmila Reinhartov\u00e1 1933\u20132015 Opustila n\u00e1s Jarmila Reinhartov\u00e1 Po dlouh\u00e9 a t\u011b\u017ek\u00e9 nemoci zem\u0159ela 6. 3. 2015 dlouholet\u00e1 pracovnice Hydrometeorologick\u00e9ho \u00fastavu, na\u0161e b\u00fdval\u00e1 kolegyn\u011b, pan\u00ed Jarmila Reinhartov\u00e1. Narodila se 25. 5. [&hellip;]<\/p>\n","protected":false},"author":3,"featured_media":0,"parent":0,"menu_order":0,"comment_status":"closed","ping_status":"closed","template":"","meta":{"footnotes":""},"class_list":["post-3104","page","type-page","status-publish","hentry","entry"],"_links":{"self":[{"href":"http:\/\/www.cmes.cz\/web\/wp-json\/wp\/v2\/pages\/3104","targetHints":{"allow":["GET"]}}],"collection":[{"href":"http:\/\/www.cmes.cz\/web\/wp-json\/wp\/v2\/pages"}],"about":[{"href":"http:\/\/www.cmes.cz\/web\/wp-json\/wp\/v2\/types\/page"}],"author":[{"embeddable":true,"href":"http:\/\/www.cmes.cz\/web\/wp-json\/wp\/v2\/users\/3"}],"replies":[{"embeddable":true,"href":"http:\/\/www.cmes.cz\/web\/wp-json\/wp\/v2\/comments?post=3104"}],"version-history":[{"count":3,"href":"http:\/\/www.cmes.cz\/web\/wp-json\/wp\/v2\/pages\/3104\/revisions"}],"predecessor-version":[{"id":15754,"href":"http:\/\/www.cmes.cz\/web\/wp-json\/wp\/v2\/pages\/3104\/revisions\/15754"}],"wp:attachment":[{"href":"http:\/\/www.cmes.cz\/web\/wp-json\/wp\/v2\/media?parent=3104"}],"curies":[{"name":"wp","href":"https:\/\/api.w.org\/{rel}","templated":true}]}}