{"id":2458,"date":"2023-12-25T21:41:55","date_gmt":"2023-12-25T20:41:55","guid":{"rendered":"http:\/\/www.cmes.cz\/web\/?page_id=2458"},"modified":"2025-10-19T13:20:45","modified_gmt":"2025-10-19T11:20:45","slug":"vladimir-vondracek","status":"publish","type":"page","link":"http:\/\/www.cmes.cz\/web\/vladimir-vondracek\/","title":{"rendered":"Vladim\u00edr Vondr\u00e1\u010dek"},"content":{"rendered":"\t\t<div data-elementor-type=\"wp-page\" data-elementor-id=\"2458\" class=\"elementor elementor-2458\">\n\t\t\t\t\t\t\t\t\t<section class=\"elementor-section elementor-top-section elementor-element elementor-element-41a90d6 elementor-section-boxed elementor-section-height-default elementor-section-height-default\" data-id=\"41a90d6\" data-element_type=\"section\" data-settings=\"{&quot;_ha_eqh_enable&quot;:false}\">\n\t\t\t\t\t\t<div class=\"elementor-container elementor-column-gap-default\">\n\t\t\t\t\t<div class=\"elementor-column elementor-col-100 elementor-top-column elementor-element elementor-element-e7f09fb\" data-id=\"e7f09fb\" data-element_type=\"column\">\n\t\t\t<div class=\"elementor-widget-wrap elementor-element-populated\">\n\t\t\t\t\t\t\t\t<div class=\"elementor-element elementor-element-d903f0e elementor-widget elementor-widget-heading\" data-id=\"d903f0e\" data-element_type=\"widget\" data-widget_type=\"heading.default\">\n\t\t\t\t<div class=\"elementor-widget-container\">\n\t\t\t<style>\/*! elementor - v3.17.0 - 08-11-2023 *\/\n.elementor-heading-title{padding:0;margin:0;line-height:1}.elementor-widget-heading .elementor-heading-title[class*=elementor-size-]>a{color:inherit;font-size:inherit;line-height:inherit}.elementor-widget-heading .elementor-heading-title.elementor-size-small{font-size:15px}.elementor-widget-heading .elementor-heading-title.elementor-size-medium{font-size:19px}.elementor-widget-heading .elementor-heading-title.elementor-size-large{font-size:29px}.elementor-widget-heading .elementor-heading-title.elementor-size-xl{font-size:39px}.elementor-widget-heading .elementor-heading-title.elementor-size-xxl{font-size:59px}<\/style><h1 class=\"elementor-heading-title elementor-size-xl\">Vladim\u00edr Vondr\u00e1\u010dek<\/h1>\t\t<\/div>\n\t\t\t\t<\/div>\n\t\t\t\t\t<\/div>\n\t\t<\/div>\n\t\t\t\t\t\t\t<\/div>\n\t\t<\/section>\n\t\t\t\t<section class=\"elementor-section elementor-top-section elementor-element elementor-element-7c97766 elementor-section-boxed elementor-section-height-default elementor-section-height-default\" data-id=\"7c97766\" data-element_type=\"section\" data-settings=\"{&quot;_ha_eqh_enable&quot;:false}\">\n\t\t\t\t\t\t<div class=\"elementor-container elementor-column-gap-default\">\n\t\t\t\t\t<div class=\"elementor-column elementor-col-100 elementor-top-column elementor-element elementor-element-388da38\" data-id=\"388da38\" data-element_type=\"column\">\n\t\t\t<div class=\"elementor-widget-wrap elementor-element-populated\">\n\t\t\t\t\t\t\t\t<div class=\"elementor-element elementor-element-f51601b elementor-widget elementor-widget-text-editor\" data-id=\"f51601b\" data-element_type=\"widget\" data-widget_type=\"text-editor.default\">\n\t\t\t\t<div class=\"elementor-widget-container\">\n\t\t\t<style>\/*! elementor - v3.17.0 - 08-11-2023 *\/\n.elementor-widget-text-editor.elementor-drop-cap-view-stacked .elementor-drop-cap{background-color:#69727d;color:#fff}.elementor-widget-text-editor.elementor-drop-cap-view-framed .elementor-drop-cap{color:#69727d;border:3px solid;background-color:transparent}.elementor-widget-text-editor:not(.elementor-drop-cap-view-default) .elementor-drop-cap{margin-top:8px}.elementor-widget-text-editor:not(.elementor-drop-cap-view-default) .elementor-drop-cap-letter{width:1em;height:1em}.elementor-widget-text-editor .elementor-drop-cap{float:left;text-align:center;line-height:1;font-size:50px}.elementor-widget-text-editor .elementor-drop-cap-letter{display:inline-block}<\/style>\t\t\t\t<h2 style=\"text-align: center;\"><strong><span style=\"color: #003366;\">narozen v roce 1935<br \/><\/span><\/strong><\/h2>\t\t\t\t\t\t<\/div>\n\t\t\t\t<\/div>\n\t\t\t\t\t<\/div>\n\t\t<\/div>\n\t\t\t\t\t\t\t<\/div>\n\t\t<\/section>\n\t\t\t\t<section class=\"elementor-section elementor-top-section elementor-element elementor-element-bf3ff4e elementor-section-boxed elementor-section-height-default elementor-section-height-default\" data-id=\"bf3ff4e\" data-element_type=\"section\" data-settings=\"{&quot;_ha_eqh_enable&quot;:false}\">\n\t\t\t\t\t\t<div class=\"elementor-container elementor-column-gap-default\">\n\t\t\t\t\t<div class=\"elementor-column elementor-col-50 elementor-top-column elementor-element elementor-element-98aac9a\" data-id=\"98aac9a\" data-element_type=\"column\">\n\t\t\t<div class=\"elementor-widget-wrap elementor-element-populated\">\n\t\t\t\t\t\t\t\t<div class=\"elementor-element elementor-element-e81dfb6 elementor-widget elementor-widget-image\" data-id=\"e81dfb6\" data-element_type=\"widget\" data-widget_type=\"image.default\">\n\t\t\t\t<div class=\"elementor-widget-container\">\n\t\t\t<style>\/*! elementor - v3.17.0 - 08-11-2023 *\/\n.elementor-widget-image{text-align:center}.elementor-widget-image a{display:inline-block}.elementor-widget-image a img[src$=\".svg\"]{width:48px}.elementor-widget-image img{vertical-align:middle;display:inline-block}<\/style>\t\t\t\t\t\t\t\t\t\t\t\t\t<a href=\"http:\/\/www.cmes.cz\/web\/wp-content\/uploads\/2023\/12\/maleIcon.png\" data-elementor-open-lightbox=\"yes\" data-elementor-lightbox-title=\"maleIcon\" data-e-action-hash=\"#elementor-action%3Aaction%3Dlightbox%26settings%3DeyJpZCI6MTU3MiwidXJsIjoiaHR0cDpcL1wvd3d3LmNtZXMuY3pcL3dlYlwvd3AtY29udGVudFwvdXBsb2Fkc1wvMjAyM1wvMTJcL21hbGVJY29uLnBuZyJ9\">\n\t\t\t\t\t\t\t<img loading=\"lazy\" decoding=\"async\" width=\"300\" height=\"300\" src=\"http:\/\/www.cmes.cz\/web\/wp-content\/uploads\/2023\/12\/maleIcon-300x300.png\" class=\"attachment-medium size-medium wp-image-1572\" alt=\"\" srcset=\"http:\/\/www.cmes.cz\/web\/wp-content\/uploads\/2023\/12\/maleIcon-300x300.png 300w, http:\/\/www.cmes.cz\/web\/wp-content\/uploads\/2023\/12\/maleIcon-150x150.png 150w, http:\/\/www.cmes.cz\/web\/wp-content\/uploads\/2023\/12\/maleIcon.png 512w\" sizes=\"auto, (max-width: 300px) 100vw, 300px\" \/>\t\t\t\t\t\t\t\t<\/a>\n\t\t\t\t\t\t\t\t\t\t\t\t\t\t\t<\/div>\n\t\t\t\t<\/div>\n\t\t\t\t\t<\/div>\n\t\t<\/div>\n\t\t\t\t<div class=\"elementor-column elementor-col-50 elementor-top-column elementor-element elementor-element-5a6a8a6\" data-id=\"5a6a8a6\" data-element_type=\"column\">\n\t\t\t<div class=\"elementor-widget-wrap elementor-element-populated\">\n\t\t\t\t\t\t\t\t<div class=\"elementor-element elementor-element-ef7c764 elementor-widget elementor-widget-text-editor\" data-id=\"ef7c764\" data-element_type=\"widget\" data-widget_type=\"text-editor.default\">\n\t\t\t\t<div class=\"elementor-widget-container\">\n\t\t\t\t\t\t\t<h2 style=\"text-align: left;\"><span style=\"color: #003366;\"><strong>\u0160EDES\u00c1TINY RNDr. VLADIM\u00cdRA VONDR\u00c1\u010cKA<\/strong><\/span><\/h2><p class=\"rtejustify\" style=\"text-align: left;\"><span style=\"color: #003366;\">Vladim\u00edr Vondr\u00e1\u010dek se narodil 15. \u0159\u00edjna 1935 v podkrko\u00adno\u0161sk\u00e9m Ji\u010d\u00edn\u011b proslaven\u00e9m mnoha v\u00fdznamn\u00fdmi meteorolo\u00adgy. Snad tato tradice mu byla osudnou. Po maturit\u011b ode\u0161el na Matematicko-fyzik\u00e1ln\u00ed fakultu univerzity Karlovy a studia \u00fasp\u011b\u0161n\u011b skon\u010dit na kated\u0159e astronomie, geofyziky a meteoro\u00adlogie v roce 1958.<\/span><\/p><p style=\"text-align: left;\"><span style=\"color: #003366;\">Cel\u00fd \u017eivot v\u011bnoval meteorologii. Absolvoval mimo jin\u00e9 dvoulet\u00e9 postgradu\u00e1ln\u00ed studium. V pr\u00e1ci, kterou odevzdal, se v\u011bnoval rozvoji st\u0159edn\u011bdob\u00e9 statisticko-analogov\u00e9 metody p\u0159edpov\u011bd\u00ed meteorologick\u00fdch prvk\u016f.<\/span><\/p>\t\t\t\t\t\t<\/div>\n\t\t\t\t<\/div>\n\t\t\t\t\t<\/div>\n\t\t<\/div>\n\t\t\t\t\t\t\t<\/div>\n\t\t<\/section>\n\t\t\t\t<section class=\"elementor-section elementor-top-section elementor-element elementor-element-e93c11f elementor-section-boxed elementor-section-height-default elementor-section-height-default\" data-id=\"e93c11f\" data-element_type=\"section\" data-settings=\"{&quot;_ha_eqh_enable&quot;:false}\">\n\t\t\t\t\t\t<div class=\"elementor-container elementor-column-gap-default\">\n\t\t\t\t\t<div class=\"elementor-column elementor-col-100 elementor-top-column elementor-element elementor-element-6b169ea\" data-id=\"6b169ea\" data-element_type=\"column\">\n\t\t\t<div class=\"elementor-widget-wrap elementor-element-populated\">\n\t\t\t\t\t\t\t\t<div class=\"elementor-element elementor-element-768db9e elementor-widget elementor-widget-text-editor\" data-id=\"768db9e\" data-element_type=\"widget\" data-widget_type=\"text-editor.default\">\n\t\t\t\t<div class=\"elementor-widget-container\">\n\t\t\t\t\t\t\t<p class=\"rtejustify\" style=\"text-align: left;\"><span style=\"color: #003366;\">Tato vysoce kvalitn\u00ed studie byla z\u00e1kladem jeho pr\u00e1ce habilita\u010dn\u00ed. Na jedn\u00e9 stran\u011b ryze odborn\u00e1 \u010dinnost, na stran\u011b drah\u00e9 nespo\u010d\u00edtateln\u00e9 mno\u017e\u00adstv\u00ed zanalyzovan\u00fdch synoptick\u00fdch p\u0159\u00edzemn\u00edch a v\u00fd\u0161kov\u00fdch map. Od roku 1990 se v\u011bnuje nav\u00edc i p\u0159edpov\u011bd\u00edm dlouhodo\u00adb\u00fdm. Vladim\u00edr Vondr\u00e1\u010dek je synoptik &#8211; profesion\u00e1l, ale i meteorolog, b\u00e1sn\u00edk, spisovatel a dopisovatel do Svobodn\u00e9 Evropy. Jeho m\u00edrnou a citlivou du\u0161i neust\u00e1le tr\u00e1p\u00ed politick\u00fd \u0161lendri\u00e1n, uskoky, korupce a nepravdy. P\u0159edpov\u011bdi pro ve\u0159ej\u00adnost dovede jako m\u00e1lokdo skloubit tak, aby byly atraktivn\u00ed. Nen\u00ed divu, \u017ee se za\u0159adil do \u010dela t\u00fdmu, kter\u00fd prost\u0159ednictv\u00edm rozhlasov\u00fdch vln a televizn\u00edch obrazovek posouv\u00e1 meteoro\u00adlogii do st\u0159edu z\u00e1jm\u016f \u0161irok\u00e9 ve\u0159ejnosti.<\/span><\/p><p class=\"rtejustify\" style=\"text-align: left;\"><span style=\"color: #003366;\">Vladim\u00edre, p\u0159ejeme Ti pevn\u00e9 zdrav\u00ed, mnoho dal\u0161\u00edch od\u00adborn\u00fdch i \u017eivotn\u00edch \u00fasp\u011bch\u016f a v\u011b\u0159\u00edme, \u017ee Tvoje ver\u0161e budou po \u0159adu let ozdobou \u017eivotn\u00edch jubile\u00ed Tv\u00fdch p\u0159\u00e1tel<\/span><\/p><p class=\"rteright\" style=\"text-align: left;\"><span style=\"color: #003366;\"><em>Miroslav \u0160koda &#8211; Vladim\u00edr Seifert, MZ 1995\/4, ro\u010dn\u00edk 48, str. 132<\/em><\/span><\/p>\t\t\t\t\t\t<\/div>\n\t\t\t\t<\/div>\n\t\t\t\t\t<\/div>\n\t\t<\/div>\n\t\t\t\t\t\t\t<\/div>\n\t\t<\/section>\n\t\t\t\t\t\t\t<\/div>\n\t\t","protected":false},"excerpt":{"rendered":"<p>Vladim\u00edr Vondr\u00e1\u010dek narozen v roce 1935 \u0160EDES\u00c1TINY RNDr. VLADIM\u00cdRA VONDR\u00c1\u010cKA Vladim\u00edr Vondr\u00e1\u010dek se narodil 15. \u0159\u00edjna 1935 v podkrko\u00adno\u0161sk\u00e9m Ji\u010d\u00edn\u011b proslaven\u00e9m mnoha v\u00fdznamn\u00fdmi meteorolo\u00adgy. Snad tato tradice mu byla osudnou. [&hellip;]<\/p>\n","protected":false},"author":3,"featured_media":0,"parent":0,"menu_order":0,"comment_status":"closed","ping_status":"closed","template":"","meta":{"footnotes":""},"class_list":["post-2458","page","type-page","status-publish","hentry","entry"],"_links":{"self":[{"href":"http:\/\/www.cmes.cz\/web\/wp-json\/wp\/v2\/pages\/2458","targetHints":{"allow":["GET"]}}],"collection":[{"href":"http:\/\/www.cmes.cz\/web\/wp-json\/wp\/v2\/pages"}],"about":[{"href":"http:\/\/www.cmes.cz\/web\/wp-json\/wp\/v2\/types\/page"}],"author":[{"embeddable":true,"href":"http:\/\/www.cmes.cz\/web\/wp-json\/wp\/v2\/users\/3"}],"replies":[{"embeddable":true,"href":"http:\/\/www.cmes.cz\/web\/wp-json\/wp\/v2\/comments?post=2458"}],"version-history":[{"count":6,"href":"http:\/\/www.cmes.cz\/web\/wp-json\/wp\/v2\/pages\/2458\/revisions"}],"predecessor-version":[{"id":16730,"href":"http:\/\/www.cmes.cz\/web\/wp-json\/wp\/v2\/pages\/2458\/revisions\/16730"}],"wp:attachment":[{"href":"http:\/\/www.cmes.cz\/web\/wp-json\/wp\/v2\/media?parent=2458"}],"curies":[{"name":"wp","href":"https:\/\/api.w.org\/{rel}","templated":true}]}}