{"id":2075,"date":"2023-12-14T09:19:43","date_gmt":"2023-12-14T08:19:43","guid":{"rendered":"http:\/\/www.cmes.cz\/web\/?page_id=2075"},"modified":"2025-01-16T19:05:55","modified_gmt":"2025-01-16T18:05:55","slug":"josef-brechler","status":"publish","type":"page","link":"http:\/\/www.cmes.cz\/web\/josef-brechler\/","title":{"rendered":"Josef Brechler"},"content":{"rendered":"\t\t<div data-elementor-type=\"wp-page\" data-elementor-id=\"2075\" class=\"elementor elementor-2075\">\n\t\t\t\t\t\t\t\t\t<section class=\"elementor-section elementor-top-section elementor-element elementor-element-41a90d6 elementor-section-boxed elementor-section-height-default elementor-section-height-default\" data-id=\"41a90d6\" data-element_type=\"section\" data-settings=\"{&quot;_ha_eqh_enable&quot;:false}\">\n\t\t\t\t\t\t<div class=\"elementor-container elementor-column-gap-default\">\n\t\t\t\t\t<div class=\"elementor-column elementor-col-100 elementor-top-column elementor-element elementor-element-e7f09fb\" data-id=\"e7f09fb\" data-element_type=\"column\">\n\t\t\t<div class=\"elementor-widget-wrap elementor-element-populated\">\n\t\t\t\t\t\t\t\t<div class=\"elementor-element elementor-element-d903f0e elementor-widget elementor-widget-heading\" data-id=\"d903f0e\" data-element_type=\"widget\" data-widget_type=\"heading.default\">\n\t\t\t\t<div class=\"elementor-widget-container\">\n\t\t\t<style>\/*! elementor - v3.17.0 - 08-11-2023 *\/\n.elementor-heading-title{padding:0;margin:0;line-height:1}.elementor-widget-heading .elementor-heading-title[class*=elementor-size-]>a{color:inherit;font-size:inherit;line-height:inherit}.elementor-widget-heading .elementor-heading-title.elementor-size-small{font-size:15px}.elementor-widget-heading .elementor-heading-title.elementor-size-medium{font-size:19px}.elementor-widget-heading .elementor-heading-title.elementor-size-large{font-size:29px}.elementor-widget-heading .elementor-heading-title.elementor-size-xl{font-size:39px}.elementor-widget-heading .elementor-heading-title.elementor-size-xxl{font-size:59px}<\/style><h1 class=\"elementor-heading-title elementor-size-xl\">Josef Brechler<\/h1>\t\t<\/div>\n\t\t\t\t<\/div>\n\t\t\t\t\t<\/div>\n\t\t<\/div>\n\t\t\t\t\t\t\t<\/div>\n\t\t<\/section>\n\t\t\t\t<section class=\"elementor-section elementor-top-section elementor-element elementor-element-7c97766 elementor-section-boxed elementor-section-height-default elementor-section-height-default\" data-id=\"7c97766\" data-element_type=\"section\" data-settings=\"{&quot;_ha_eqh_enable&quot;:false}\">\n\t\t\t\t\t\t<div class=\"elementor-container elementor-column-gap-default\">\n\t\t\t\t\t<div class=\"elementor-column elementor-col-100 elementor-top-column elementor-element elementor-element-388da38\" data-id=\"388da38\" data-element_type=\"column\">\n\t\t\t<div class=\"elementor-widget-wrap elementor-element-populated\">\n\t\t\t\t\t\t\t\t<div class=\"elementor-element elementor-element-f51601b elementor-widget elementor-widget-text-editor\" data-id=\"f51601b\" data-element_type=\"widget\" data-widget_type=\"text-editor.default\">\n\t\t\t\t<div class=\"elementor-widget-container\">\n\t\t\t<style>\/*! elementor - v3.17.0 - 08-11-2023 *\/\n.elementor-widget-text-editor.elementor-drop-cap-view-stacked .elementor-drop-cap{background-color:#69727d;color:#fff}.elementor-widget-text-editor.elementor-drop-cap-view-framed .elementor-drop-cap{color:#69727d;border:3px solid;background-color:transparent}.elementor-widget-text-editor:not(.elementor-drop-cap-view-default) .elementor-drop-cap{margin-top:8px}.elementor-widget-text-editor:not(.elementor-drop-cap-view-default) .elementor-drop-cap-letter{width:1em;height:1em}.elementor-widget-text-editor .elementor-drop-cap{float:left;text-align:center;line-height:1;font-size:50px}.elementor-widget-text-editor .elementor-drop-cap-letter{display:inline-block}<\/style>\t\t\t\t<h2 style=\"text-align: center;\"><strong><span style=\"color: #003366;\">1955\u20132023<\/span><\/strong><\/h2>\t\t\t\t\t\t<\/div>\n\t\t\t\t<\/div>\n\t\t\t\t\t<\/div>\n\t\t<\/div>\n\t\t\t\t\t\t\t<\/div>\n\t\t<\/section>\n\t\t\t\t<section class=\"elementor-section elementor-top-section elementor-element elementor-element-bf3ff4e elementor-section-boxed elementor-section-height-default elementor-section-height-default\" data-id=\"bf3ff4e\" data-element_type=\"section\" data-settings=\"{&quot;_ha_eqh_enable&quot;:false}\">\n\t\t\t\t\t\t<div class=\"elementor-container elementor-column-gap-default\">\n\t\t\t\t\t<div class=\"elementor-column elementor-col-50 elementor-top-column elementor-element elementor-element-98aac9a\" data-id=\"98aac9a\" data-element_type=\"column\">\n\t\t\t<div class=\"elementor-widget-wrap elementor-element-populated\">\n\t\t\t\t\t\t\t\t<div class=\"elementor-element elementor-element-e81dfb6 elementor-widget elementor-widget-image\" data-id=\"e81dfb6\" data-element_type=\"widget\" data-widget_type=\"image.default\">\n\t\t\t\t<div class=\"elementor-widget-container\">\n\t\t\t<style>\/*! elementor - v3.17.0 - 08-11-2023 *\/\n.elementor-widget-image{text-align:center}.elementor-widget-image a{display:inline-block}.elementor-widget-image a img[src$=\".svg\"]{width:48px}.elementor-widget-image img{vertical-align:middle;display:inline-block}<\/style>\t\t\t\t\t\t\t\t\t<figure class=\"wp-caption\">\n\t\t\t\t\t\t\t\t\t\t\t<a href=\"http:\/\/www.cmes.cz\/web\/wp-content\/uploads\/2023\/12\/Brechler.jpg\" data-elementor-open-lightbox=\"yes\" data-elementor-lightbox-title=\"Brechler\" data-e-action-hash=\"#elementor-action%3Aaction%3Dlightbox%26settings%3DeyJpZCI6MjA3OCwidXJsIjoiaHR0cDpcL1wvd3d3LmNtZXMuY3pcL3dlYlwvd3AtY29udGVudFwvdXBsb2Fkc1wvMjAyM1wvMTJcL0JyZWNobGVyLmpwZyJ9\">\n\t\t\t\t\t\t\t<img loading=\"lazy\" decoding=\"async\" width=\"200\" height=\"300\" src=\"http:\/\/www.cmes.cz\/web\/wp-content\/uploads\/2023\/12\/Brechler-200x300.jpg\" class=\"attachment-medium size-medium wp-image-2078\" alt=\"\" srcset=\"http:\/\/www.cmes.cz\/web\/wp-content\/uploads\/2023\/12\/Brechler-200x300.jpg 200w, http:\/\/www.cmes.cz\/web\/wp-content\/uploads\/2023\/12\/Brechler.jpg 510w\" sizes=\"auto, (max-width: 200px) 100vw, 200px\" \/>\t\t\t\t\t\t\t\t<\/a>\n\t\t\t\t\t\t\t\t\t\t\t<figcaption class=\"widget-image-caption wp-caption-text\">zdroj: https:\/\/www.mff.cuni.cz\/cs\/verejnost\/aktuality\/zemrel-docent-josef-brechler<\/figcaption>\n\t\t\t\t\t\t\t\t\t\t<\/figure>\n\t\t\t\t\t\t\t\t\t<\/div>\n\t\t\t\t<\/div>\n\t\t\t\t\t<\/div>\n\t\t<\/div>\n\t\t\t\t<div class=\"elementor-column elementor-col-50 elementor-top-column elementor-element elementor-element-5a6a8a6\" data-id=\"5a6a8a6\" data-element_type=\"column\">\n\t\t\t<div class=\"elementor-widget-wrap elementor-element-populated\">\n\t\t\t\t\t\t\t\t<div class=\"elementor-element elementor-element-ef7c764 elementor-widget elementor-widget-text-editor\" data-id=\"ef7c764\" data-element_type=\"widget\" data-widget_type=\"text-editor.default\">\n\t\t\t\t<div class=\"elementor-widget-container\">\n\t\t\t\t\t\t\t<p style=\"text-align: left;\"><span style=\"color: #003366;\">S hlubok\u00fdm z\u00e1rmutkem oznamujeme, \u017ee dne 27.\u00a0dubna 2023 zem\u0159el po dlouh\u00e9 nemoci ve v\u011bku nedo\u017eit\u00fdch 68\u00a0let doc. RNDr. Josef Brechler, CSc., b\u00fdval\u00fd vedouc\u00ed a\u00a0dlouholet\u00fd pracovn\u00edk Katedry fyziky atmosf\u00e9ry MFF\u00a0UK.<\/span><\/p><p style=\"text-align: left;\"><span style=\"color: #003366;\">Docent Josef Brechler se narodil 2.\u00a05. 1955 v\u00a0Chebu, kde pro\u017eil svoje d\u011btstv\u00ed a\u00a0nav\u0161t\u011bvoval z\u00e1kladn\u00ed a\u00a0st\u0159edn\u00ed \u0161kolu. Na Matematicko-fyzik\u00e1ln\u00ed fakult\u011b Univerzity Karlovy v\u00a0Praze vystudoval obor meteorologie a\u00a0klimatologie. Od roku 1982 na fakult\u011b pracoval jako odborn\u00fd pracovn\u00edk, od roku 1989 jako odborn\u00fd asistent a\u00a0v\u00a0roce 1998 se habilitoval. V\u00a0letech 2006\u20132014 p\u016fsobil jako vedouc\u00ed tehdej\u0161\u00ed Katedry meteorologie a\u00a0ochrany prost\u0159ed\u00ed. V\u00a0jeho pracovn\u00edch aktivit\u00e1ch se pozoruhodn\u011b snoubila v\u011bdeck\u00e1 i\u00a0pedagogick\u00e1 \u010dinnost.<\/span><\/p>\t\t\t\t\t\t<\/div>\n\t\t\t\t<\/div>\n\t\t\t\t\t<\/div>\n\t\t<\/div>\n\t\t\t\t\t\t\t<\/div>\n\t\t<\/section>\n\t\t\t\t<section class=\"elementor-section elementor-top-section elementor-element elementor-element-e93c11f elementor-section-boxed elementor-section-height-default elementor-section-height-default\" data-id=\"e93c11f\" data-element_type=\"section\" data-settings=\"{&quot;_ha_eqh_enable&quot;:false}\">\n\t\t\t\t\t\t<div class=\"elementor-container elementor-column-gap-default\">\n\t\t\t\t\t<div class=\"elementor-column elementor-col-100 elementor-top-column elementor-element elementor-element-6b169ea\" data-id=\"6b169ea\" data-element_type=\"column\">\n\t\t\t<div class=\"elementor-widget-wrap elementor-element-populated\">\n\t\t\t\t\t\t\t\t<div class=\"elementor-element elementor-element-768db9e elementor-widget elementor-widget-text-editor\" data-id=\"768db9e\" data-element_type=\"widget\" data-widget_type=\"text-editor.default\">\n\t\t\t\t<div class=\"elementor-widget-container\">\n\t\t\t\t\t\t\t<p style=\"text-align: left;\"><span style=\"color: #003366;\">Docent Josef Brechler byl vynikaj\u00edc\u00edm expertem a\u00a0mezin\u00e1rodn\u011b uzn\u00e1van\u00fdm odborn\u00edkem v\u00a0oblasti fyziky mezn\u00ed vrstvy atmosf\u00e9ry se zam\u011b\u0159en\u00edm p\u0159edev\u0161\u00edm na fenom\u00e9n turbulence v\u00a0atmosf\u00e9rick\u00e9m proud\u011bn\u00ed nad komplexn\u00edm povrchem. Byl rovn\u011b\u017e pr\u016fkopn\u00edkem studia spekter turbulentn\u00edch v\u00edr\u016f a\u00a0v nich se uplat\u0148uj\u00edc\u00edch energetick\u00fdch transformac\u00ed. Zkouman\u00e9 fenom\u00e9ny dok\u00e1zal rozpracov\u00e1vat nejen na vysok\u00e9 teoretick\u00e9 \u00farovni, ale z\u00edskan\u00e1 \u0159e\u0161en\u00ed p\u0159ev\u00e1d\u011bl i\u00a0do v\u00fdznamn\u00fdch praktick\u00fdch aplikac\u00ed. Velmi se zaslou\u017eil nap\u0159\u00edklad o\u00a0pokrok v\u00a0problematice matematick\u00e9ho modelov\u00e1n\u00ed atmosf\u00e9rick\u00e9ho transportu, prostorov\u00e9ho rozptylu a\u00a0transformac\u00ed antropogenn\u00edch slo\u017eek zne\u010di\u0161t\u011bn\u00ed ovzdu\u0161\u00ed. T\u011b\u017ei\u0161t\u011b jeho profesn\u00edho a\u00a0v\u011bdeck\u00e9ho z\u00e1jmu sice spo\u010d\u00edvalo v\u00a0problematice interakce atmosf\u00e9rick\u00e9ho proud\u011bn\u00ed se zemsk\u00fdm povrchem, dok\u00e1zal ale \u0159e\u0161it i\u00a0praktick\u00e9 ot\u00e1zky modelov\u00e1n\u00ed turbulentn\u00edho proud\u011bn\u00ed v\u00a0technologick\u00fdch za\u0159\u00edzen\u00edch. I\u00a0to ilustruje pozoruhodnou \u0161\u00ed\u0159i jeho v\u011bdecko-technick\u00fdch kompetenc\u00ed. Ve sv\u00e9 pedagogick\u00e9 \u010dinnosti v\u00fdznamn\u011b p\u0159isp\u011bl k\u00a0v\u00fdchov\u011b cel\u00e9 jedn\u00e9 generace kvalifikovan\u00fdch odborn\u00edk\u016f a\u00a0specialist\u016f, kte\u0159\u00ed se dnes uplat\u0148uj\u00ed v\u00a0aplikovan\u00fdch oborech i\u00a0v\u00a0z\u00e1kladn\u00edm v\u011bdeck\u00e9m v\u00fdzkumu, zejm\u00e9na technick\u00e9ho a\u00a0environment\u00e1ln\u00edho charakteru.<\/span><\/p><p style=\"text-align: left;\"><span style=\"color: #003366;\">Docent Josef Brechler prokazoval vysoce sportovn\u00edho ducha, kter\u00fd se uplatnil v\u00a0jeho obl\u00edben\u00fdch sportech \u2013 ly\u017eov\u00e1n\u00ed a\u00a0jachtingu. V\u00a0neposledn\u00ed \u0159ad\u011b je t\u0159eba zm\u00ednit i\u00a0jeho ob\u011btav\u00fd charakter, vl\u00eddnost a\u00a0vst\u0159\u00edcnost ke student\u016fm, koleg\u016fm na pracovi\u0161ti i\u00a0ke v\u0161em, s\u00a0nimi\u017e p\u0159ich\u00e1zel do kontaktu. To v\u0161e se odehr\u00e1valo na pozad\u00ed jeho state\u010dn\u00e9ho celo\u017eivotn\u00edho boje s\u00a0t\u011b\u017ekou a\u00a0omezuj\u00edc\u00ed nemoc\u00ed.<\/span><\/p><div class=\"center\"><p style=\"text-align: left;\"><span style=\"color: #003366;\"><strong>Posledn\u00ed rozlou\u010den\u00ed s docentem Brechlerem se uskute\u010dn\u00ed v \u00fazk\u00e9m kruhu jeho rodiny a\u00a0bl\u00edzk\u00fdch p\u0159\u00e1tel.<\/strong><\/span><\/p><p style=\"text-align: left;\"><span style=\"color: #003366;\">Doc. RNDr. Mirko Rokyta, CSc.<\/span><br \/><span style=\"color: #003366;\">d\u011bkan MFF\u00a0UK<\/span><\/p><\/div>\t\t\t\t\t\t<\/div>\n\t\t\t\t<\/div>\n\t\t\t\t\t<\/div>\n\t\t<\/div>\n\t\t\t\t\t\t\t<\/div>\n\t\t<\/section>\n\t\t\t\t\t\t\t<\/div>\n\t\t","protected":false},"excerpt":{"rendered":"<p>Josef Brechler 1955\u20132023 zdroj: https:\/\/www.mff.cuni.cz\/cs\/verejnost\/aktuality\/zemrel-docent-josef-brechler S hlubok\u00fdm z\u00e1rmutkem oznamujeme, \u017ee dne 27.\u00a0dubna 2023 zem\u0159el po dlouh\u00e9 nemoci ve v\u011bku nedo\u017eit\u00fdch 68\u00a0let doc. RNDr. Josef Brechler, CSc., b\u00fdval\u00fd vedouc\u00ed a\u00a0dlouholet\u00fd pracovn\u00edk [&hellip;]<\/p>\n","protected":false},"author":3,"featured_media":0,"parent":0,"menu_order":0,"comment_status":"closed","ping_status":"closed","template":"","meta":{"footnotes":""},"class_list":["post-2075","page","type-page","status-publish","hentry","entry"],"_links":{"self":[{"href":"http:\/\/www.cmes.cz\/web\/wp-json\/wp\/v2\/pages\/2075","targetHints":{"allow":["GET"]}}],"collection":[{"href":"http:\/\/www.cmes.cz\/web\/wp-json\/wp\/v2\/pages"}],"about":[{"href":"http:\/\/www.cmes.cz\/web\/wp-json\/wp\/v2\/types\/page"}],"author":[{"embeddable":true,"href":"http:\/\/www.cmes.cz\/web\/wp-json\/wp\/v2\/users\/3"}],"replies":[{"embeddable":true,"href":"http:\/\/www.cmes.cz\/web\/wp-json\/wp\/v2\/comments?post=2075"}],"version-history":[{"count":3,"href":"http:\/\/www.cmes.cz\/web\/wp-json\/wp\/v2\/pages\/2075\/revisions"}],"predecessor-version":[{"id":12837,"href":"http:\/\/www.cmes.cz\/web\/wp-json\/wp\/v2\/pages\/2075\/revisions\/12837"}],"wp:attachment":[{"href":"http:\/\/www.cmes.cz\/web\/wp-json\/wp\/v2\/media?parent=2075"}],"curies":[{"name":"wp","href":"https:\/\/api.w.org\/{rel}","templated":true}]}}