{"id":1209,"date":"2023-11-04T00:37:28","date_gmt":"2023-11-03T23:37:28","guid":{"rendered":"http:\/\/www.cmes.cz\/web\/?page_id=1209"},"modified":"2025-01-21T11:54:07","modified_gmt":"2025-01-21T10:54:07","slug":"jean-francois-geleyn","status":"publish","type":"page","link":"http:\/\/www.cmes.cz\/web\/jean-francois-geleyn\/","title":{"rendered":"Jean-Francois Geleyn"},"content":{"rendered":"\t\t<div data-elementor-type=\"wp-page\" data-elementor-id=\"1209\" class=\"elementor elementor-1209\">\n\t\t\t\t\t\t\t\t\t<section class=\"elementor-section elementor-top-section elementor-element elementor-element-41a90d6 elementor-section-boxed elementor-section-height-default elementor-section-height-default\" data-id=\"41a90d6\" data-element_type=\"section\" data-settings=\"{&quot;_ha_eqh_enable&quot;:false}\">\n\t\t\t\t\t\t<div class=\"elementor-container elementor-column-gap-default\">\n\t\t\t\t\t<div class=\"elementor-column elementor-col-100 elementor-top-column elementor-element elementor-element-e7f09fb\" data-id=\"e7f09fb\" data-element_type=\"column\">\n\t\t\t<div class=\"elementor-widget-wrap elementor-element-populated\">\n\t\t\t\t\t\t\t\t<div class=\"elementor-element elementor-element-d903f0e elementor-widget elementor-widget-heading\" data-id=\"d903f0e\" data-element_type=\"widget\" data-widget_type=\"heading.default\">\n\t\t\t\t<div class=\"elementor-widget-container\">\n\t\t\t<style>\/*! elementor - v3.17.0 - 08-11-2023 *\/\n.elementor-heading-title{padding:0;margin:0;line-height:1}.elementor-widget-heading .elementor-heading-title[class*=elementor-size-]>a{color:inherit;font-size:inherit;line-height:inherit}.elementor-widget-heading .elementor-heading-title.elementor-size-small{font-size:15px}.elementor-widget-heading .elementor-heading-title.elementor-size-medium{font-size:19px}.elementor-widget-heading .elementor-heading-title.elementor-size-large{font-size:29px}.elementor-widget-heading .elementor-heading-title.elementor-size-xl{font-size:39px}.elementor-widget-heading .elementor-heading-title.elementor-size-xxl{font-size:59px}<\/style><h1 class=\"elementor-heading-title elementor-size-xl\">Jean-Francois Geleyn<\/h1>\t\t<\/div>\n\t\t\t\t<\/div>\n\t\t\t\t\t<\/div>\n\t\t<\/div>\n\t\t\t\t\t\t\t<\/div>\n\t\t<\/section>\n\t\t\t\t<section class=\"elementor-section elementor-top-section elementor-element elementor-element-7c97766 elementor-section-boxed elementor-section-height-default elementor-section-height-default\" data-id=\"7c97766\" data-element_type=\"section\" data-settings=\"{&quot;_ha_eqh_enable&quot;:false}\">\n\t\t\t\t\t\t<div class=\"elementor-container elementor-column-gap-default\">\n\t\t\t\t\t<div class=\"elementor-column elementor-col-100 elementor-top-column elementor-element elementor-element-388da38\" data-id=\"388da38\" data-element_type=\"column\">\n\t\t\t<div class=\"elementor-widget-wrap elementor-element-populated\">\n\t\t\t\t\t\t\t\t<div class=\"elementor-element elementor-element-f51601b elementor-widget elementor-widget-text-editor\" data-id=\"f51601b\" data-element_type=\"widget\" data-widget_type=\"text-editor.default\">\n\t\t\t\t<div class=\"elementor-widget-container\">\n\t\t\t<style>\/*! elementor - v3.17.0 - 08-11-2023 *\/\n.elementor-widget-text-editor.elementor-drop-cap-view-stacked .elementor-drop-cap{background-color:#69727d;color:#fff}.elementor-widget-text-editor.elementor-drop-cap-view-framed .elementor-drop-cap{color:#69727d;border:3px solid;background-color:transparent}.elementor-widget-text-editor:not(.elementor-drop-cap-view-default) .elementor-drop-cap{margin-top:8px}.elementor-widget-text-editor:not(.elementor-drop-cap-view-default) .elementor-drop-cap-letter{width:1em;height:1em}.elementor-widget-text-editor .elementor-drop-cap{float:left;text-align:center;line-height:1;font-size:50px}.elementor-widget-text-editor .elementor-drop-cap-letter{display:inline-block}<\/style>\t\t\t\t<h2 style=\"text-align: center;\"><strong><span style=\"color: #003366;\">1950\u20132015<\/span><\/strong><\/h2>\t\t\t\t\t\t<\/div>\n\t\t\t\t<\/div>\n\t\t\t\t\t<\/div>\n\t\t<\/div>\n\t\t\t\t\t\t\t<\/div>\n\t\t<\/section>\n\t\t\t\t<section class=\"elementor-section elementor-top-section elementor-element elementor-element-bf3ff4e elementor-section-boxed elementor-section-height-default elementor-section-height-default\" data-id=\"bf3ff4e\" data-element_type=\"section\" data-settings=\"{&quot;_ha_eqh_enable&quot;:false}\">\n\t\t\t\t\t\t<div class=\"elementor-container elementor-column-gap-default\">\n\t\t\t\t\t<div class=\"elementor-column elementor-col-50 elementor-top-column elementor-element elementor-element-98aac9a\" data-id=\"98aac9a\" data-element_type=\"column\">\n\t\t\t<div class=\"elementor-widget-wrap elementor-element-populated\">\n\t\t\t\t\t\t\t\t<div class=\"elementor-element elementor-element-e81dfb6 elementor-widget elementor-widget-image\" data-id=\"e81dfb6\" data-element_type=\"widget\" data-widget_type=\"image.default\">\n\t\t\t\t<div class=\"elementor-widget-container\">\n\t\t\t<style>\/*! elementor - v3.17.0 - 08-11-2023 *\/\n.elementor-widget-image{text-align:center}.elementor-widget-image a{display:inline-block}.elementor-widget-image a img[src$=\".svg\"]{width:48px}.elementor-widget-image img{vertical-align:middle;display:inline-block}<\/style>\t\t\t\t\t\t\t\t\t\t\t\t\t<a href=\"http:\/\/www.cmes.cz\/web\/wp-content\/uploads\/2023\/11\/Geleyn.jpg\" data-elementor-open-lightbox=\"yes\" data-elementor-lightbox-title=\"Geleyn\" data-e-action-hash=\"#elementor-action%3Aaction%3Dlightbox%26settings%3DeyJpZCI6MTIxMSwidXJsIjoiaHR0cDpcL1wvd3d3LmNtZXMuY3pcL3dlYlwvd3AtY29udGVudFwvdXBsb2Fkc1wvMjAyM1wvMTFcL0dlbGV5bi5qcGcifQ%3D%3D\">\n\t\t\t\t\t\t\t<img loading=\"lazy\" decoding=\"async\" width=\"258\" height=\"300\" src=\"http:\/\/www.cmes.cz\/web\/wp-content\/uploads\/2023\/11\/Geleyn-258x300.jpg\" class=\"attachment-medium size-medium wp-image-1211\" alt=\"\" srcset=\"http:\/\/www.cmes.cz\/web\/wp-content\/uploads\/2023\/11\/Geleyn-258x300.jpg 258w, http:\/\/www.cmes.cz\/web\/wp-content\/uploads\/2023\/11\/Geleyn.jpg 611w\" sizes=\"auto, (max-width: 258px) 100vw, 258px\" \/>\t\t\t\t\t\t\t\t<\/a>\n\t\t\t\t\t\t\t\t\t\t\t\t\t\t\t<\/div>\n\t\t\t\t<\/div>\n\t\t\t\t\t<\/div>\n\t\t<\/div>\n\t\t\t\t<div class=\"elementor-column elementor-col-50 elementor-top-column elementor-element elementor-element-5a6a8a6\" data-id=\"5a6a8a6\" data-element_type=\"column\">\n\t\t\t<div class=\"elementor-widget-wrap elementor-element-populated\">\n\t\t\t\t\t\t\t\t<div class=\"elementor-element elementor-element-ef7c764 elementor-widget elementor-widget-text-editor\" data-id=\"ef7c764\" data-element_type=\"widget\" data-widget_type=\"text-editor.default\">\n\t\t\t\t<div class=\"elementor-widget-container\">\n\t\t\t\t\t\t\t<h3 style=\"text-align: left;\"><span style=\"color: #003366;\"><strong>JEAN-FRANCOIS GELEYN, ode\u0161la osobnost numerick\u00e9 p\u0159edpov\u011bdi po\u010das\u00ed<\/strong><\/span><\/h3><p class=\"rtejustify\" style=\"text-align: left;\"><span style=\"color: #003366;\">Dne 8. ledna 2015 po dlouh\u00e9m boji se z\u00e1ke\u0159nou chorobou zem\u0159el v Toulouse evropsk\u00fd meteorolog Jean-Francois Geleyn. Narodil se 22. ledna 1950 na severu Francie v bl\u00edzkosti belgick\u00fdch hranic v m\u011bste\u010dku Cousolre. V roce 1971 se stal in\u017een\u00fdrem na presti\u017en\u00ed pa\u0159\u00ed\u017esk\u00e9 \u00c9cole Polytechnique a v roce 1973 in\u017een\u00fdrem meteorologie na \u00c9cole Nationale de la M\u00e9t\u00e9orologie.<\/span><\/p><p><span style=\"color: #003366;\">Meteorologie prov\u00e1zela Jeana-Francoise cel\u00fd jeho odborn\u00fd \u017eivot, kter\u00fd str\u00e1vil ve slu\u017eb\u00e1ch M\u00e9t\u00e9o France v Pa\u0159\u00ed\u017ei a od roku 1991 v Toulouse.<\/span><\/p>\t\t\t\t\t\t<\/div>\n\t\t\t\t<\/div>\n\t\t\t\t\t<\/div>\n\t\t<\/div>\n\t\t\t\t\t\t\t<\/div>\n\t\t<\/section>\n\t\t\t\t<section class=\"elementor-section elementor-top-section elementor-element elementor-element-e93c11f elementor-section-boxed elementor-section-height-default elementor-section-height-default\" data-id=\"e93c11f\" data-element_type=\"section\" data-settings=\"{&quot;_ha_eqh_enable&quot;:false}\">\n\t\t\t\t\t\t<div class=\"elementor-container elementor-column-gap-default\">\n\t\t\t\t\t<div class=\"elementor-column elementor-col-100 elementor-top-column elementor-element elementor-element-6b169ea\" data-id=\"6b169ea\" data-element_type=\"column\">\n\t\t\t<div class=\"elementor-widget-wrap elementor-element-populated\">\n\t\t\t\t\t\t\t\t<div class=\"elementor-element elementor-element-768db9e elementor-widget elementor-widget-text-editor\" data-id=\"768db9e\" data-element_type=\"widget\" data-widget_type=\"text-editor.default\">\n\t\t\t\t<div class=\"elementor-widget-container\">\n\t\t\t\t\t\t\t<div class=\"content clearfix\"><div class=\"field field-name-body field-type-text-with-summary field-label-hidden\"><div class=\"field-items\"><p class=\"rtejustify\" style=\"text-align: left;\"><span style=\"color: #003366;\">Jako spr\u00e1vn\u00fd Evropan byl n\u011bkolikr\u00e1t vysl\u00e1n rozv\u00edjet svoji vlastn\u00ed odbornost a numerickou meteorologii i na jin\u00e1 pracovi\u0161t\u011b. Tak byl v letech 1973\u20131975 v\u00fdzkumn\u00edkem na univerzit\u011b v n\u011bmeck\u00e9 Mohu\u010di, v letech 1976\u20131982 v Evropsk\u00e9m centru pro st\u0159edn\u011bdobou p\u0159edpov\u011b\u010f (ECMWF) v britsk\u00e9m Readingu a v letech 2003\u20132009 v \u010cesk\u00e9m hydrometeorologick\u00e9m \u00fastavu v\u00a0Praze, kde koordinoval mezin\u00e1rodn\u00ed aktivity spojen\u00e9 s projektem ALADIN.<\/span><\/p><p class=\"rtejustify\" style=\"text-align: left;\"><span style=\"color: #003366;\">Jeho evropanstv\u00ed bylo \u00fazce sv\u00e1z\u00e1no s numerickou p\u0159edpov\u011bd\u00ed po\u010das\u00ed. Pod\u00edlel se na v\u00edce ne\u017e \u0161edes\u00e1ti odborn\u00fdch publikac\u00edch a na v\u011bt\u0161in\u011b z nich spolupracoval se zahrani\u010dn\u00edmi kolegy. Seznam publikac\u00ed, kter\u00fd je sou\u010d\u00e1st\u00ed t\u00e9to informace obsahuje v\u00fdb\u011br jen t\u011bch nejv\u00fdznamn\u011bj\u0161\u00edch, obsa\u017een\u00fdch v datab\u00e1zi Web of Science. P\u016fsobil jako u\u010ditel, nejen na sv\u00e9 alma mater, (\u00c9cole Nationale de la M\u00e9t\u00e9orologie), ale i na Matematicko-fyzik\u00e1ln\u00ed fakult\u011b Karlovy Univerzity v Praze a na fakult\u011b Matematick\u00e9 fyziky a astronomie Univerzity v belgick\u00e9m Gentu. \u00dasp\u011b\u0161n\u011b vychov\u00e1val doktorandy na Universit\u00e9 Paris, Universit\u00e9 Paul Sabatier cle Toulouse. Universitatea din Bucuresti. Univerza v Ljubljani, Universit\u00e9 Libre de Bruxelles, Univeriteit Gent, Univerzit\u011b Komensk\u00e9ho a Samoz\u0159ejm\u011b na pra\u017esk\u00e9 Univerzit\u011b KarIov\u011b.<\/span><\/p><p class=\"rtejustify\" style=\"text-align: left;\"><span style=\"color: #003366;\">Je symbolick\u00e9, \u017ee Jean-Francois Geleyn sv\u00fdm p\u016fsoben\u00edm ovlivnil v\u0161ech \u0161est z\u00e1kladn\u00edch stavebn\u00edch kamen\u016f numerick\u00e9 p\u0159edpov\u011bdi po\u010das\u00ed v Evrop\u011b \u2013 ECMWF. UK Met-Office, COSMO, HIRLAM, RC LACE a ALADIN. Osm let byl ve v\u011bdeck\u00e9 rad\u011b ECMWF, \u0161est let ve v\u011bdeck\u00e9 rad\u011b UK Met-Office, model COSMO dvan\u00e1ct let pou\u017e\u00edval radia\u010dn\u00ed sch\u00e9ma Ritter-Geleyn (viz publikace z roku 1992 s neuv\u011b\u0159iteln\u00fdm po\u010dtem 300 citac\u00ed), spolupr\u00e1ce M\u00e9t\u00e9o France s modelem HIRLAM a propojen\u00ed HIRLAM s modelem ALADIN (HARMONIE) nese stopy jeho autorstv\u00ed, stejn\u011b jako propojen\u00ed glob\u00e1ln\u00edho modelu IFS\/ARPEGE a ECMWF. Zcela neform\u00e1ln\u011b byl pasov\u00e1n do pozice v\u011bdeck\u00e9ho konzultanta RC LACE a troufnu si odhadnout, \u017ee bez n\u011bj by se ALADIN nikdy neotev\u0159el mezin\u00e1rodn\u00ed spolupr\u00e1ci tak \u0161iroce a obousm\u011brn\u011b, jak to dnes vid\u00edme nejen u n\u00e1s, ale i na Slovensku, v Ma\u010farsku, ve Slovinsku, v\u00a0Chorvatsku, v\u00a0Rakousku, v Rumunsku i jinde.<\/span><\/p><p class=\"rtejustify\" style=\"text-align: left;\"><span style=\"color: #003366;\">Jeho sedmilet\u00fd pobyt v \u010cHM\u00da byl pro mnoh\u00e9 z n\u00e1s obrovskou \u0161kolou \u017eivota. Nejen pro mlad\u00e9 meteorology, kte\u0159\u00ed \u010dasto nest\u00edhali sledovat tok jeho my\u0161lenek a n\u00e1pad\u016f, a p\u0159esto se jeho tempu r\u00e1di p\u0159izp\u016fsobovali. Ale i pro mn\u011b osobn\u011b. Jean-Francois hodn\u011b rychle pochopil, \u017ee se mu nepoda\u0159\u00ed p\u0159ed\u011blat klimatologa na \u0161pi\u010dkov\u00e9ho meteorologa. Ale m\u011bl dar vyt\u00e1hnout dv\u011b nejd\u016fle\u017eit\u011bj\u0161\u00ed v\u011bty z mnohastr\u00e1nkov\u00e9ho strategick\u00e9ho dokumentu p\u0159ipraven\u00e9ho k projedn\u00e1n\u00ed na n\u011bkter\u00e9m z vrcholn\u00fdch setk\u00e1n\u00ed projektu ALADIN. A pokud jsem tyto dv\u011b v\u011bty pochopil, co\u017e se ne v\u017edy stalo, mohl jsem \u201e<em>3D-Var Asimilaci modelov\u00fdch dat vhodn\u011b spojit s\u00a0fyzikou modelu<\/em>\u201c a obr\u00e1tit diskusi tam, kam jsme pot\u0159ebovali.<\/span><\/p><p class=\"rtejustify\" style=\"text-align: left;\"><span style=\"color: #003366;\">Jean-Francois Geleyn byl \u010destn\u00fdm \u010dlenem \u010cesk\u00e9 meteorologick\u00e9 spole\u010dnosti a na n\u00e1vrh \u0159editele \u010cHM\u00da se v roce 2011 stal nositelem St\u0159\u00edbrn\u00e9 medaile Evropsk\u00e9 meteorologick\u00e9 spole\u010dnosti.<\/span><\/p><p class=\"rtejustify\" style=\"text-align: left;\"><span style=\"color: #003366;\">Svou systemati\u010dnost\u00ed a ne\u00fanavn\u00fdm pracovn\u00edm nasazen\u00edm dok\u00e1zal strhnout sv\u00e9 okol\u00ed k\u00a0v\u00fdkon\u016fm, kter\u00e9 budou bez n\u011bj jen t\u011b\u017eko dosahovat. Jean-Francois Geleyn byl pro mnoh\u00e9 z\u00a0n\u00e1s kolega, u\u010ditel a kamar\u00e1d, kter\u00fd dlouhodob\u011b podporoval rozvoj \u010desk\u00e9 meteorologie, zvl\u00e1\u0161t\u011b pak t\u00e9 numerick\u00e9, za co\u017e mu pat\u0159\u00ed n\u00e1\u0161 d\u00edk, uzn\u00e1ni a \u00facta. V\u011b\u0159\u00edm, \u017ee jeho odkaz bude v na\u0161\u00ed meteorologii i nad\u00e1le \u017e\u00edt. Jean-Francois, adieu.<\/span><\/p><p class=\"rteright\" style=\"text-align: left;\"><span style=\"color: #003366;\"><em>Radim Tolasz, MZ 2015\/1, ro\u010dn\u00edk 68, str. 31\u201332<\/em><\/span><\/p><\/div><\/div><\/div>\t\t\t\t\t\t<\/div>\n\t\t\t\t<\/div>\n\t\t\t\t\t<\/div>\n\t\t<\/div>\n\t\t\t\t\t\t\t<\/div>\n\t\t<\/section>\n\t\t\t\t\t\t\t<\/div>\n\t\t","protected":false},"excerpt":{"rendered":"<p>Jean-Francois Geleyn 1950\u20132015 JEAN-FRANCOIS GELEYN, ode\u0161la osobnost numerick\u00e9 p\u0159edpov\u011bdi po\u010das\u00ed Dne 8. ledna 2015 po dlouh\u00e9m boji se z\u00e1ke\u0159nou chorobou zem\u0159el v Toulouse evropsk\u00fd meteorolog Jean-Francois Geleyn. Narodil se 22. [&hellip;]<\/p>\n","protected":false},"author":3,"featured_media":0,"parent":0,"menu_order":0,"comment_status":"closed","ping_status":"closed","template":"","meta":{"footnotes":""},"class_list":["post-1209","page","type-page","status-publish","hentry","entry"],"_links":{"self":[{"href":"http:\/\/www.cmes.cz\/web\/wp-json\/wp\/v2\/pages\/1209","targetHints":{"allow":["GET"]}}],"collection":[{"href":"http:\/\/www.cmes.cz\/web\/wp-json\/wp\/v2\/pages"}],"about":[{"href":"http:\/\/www.cmes.cz\/web\/wp-json\/wp\/v2\/types\/page"}],"author":[{"embeddable":true,"href":"http:\/\/www.cmes.cz\/web\/wp-json\/wp\/v2\/users\/3"}],"replies":[{"embeddable":true,"href":"http:\/\/www.cmes.cz\/web\/wp-json\/wp\/v2\/comments?post=1209"}],"version-history":[{"count":4,"href":"http:\/\/www.cmes.cz\/web\/wp-json\/wp\/v2\/pages\/1209\/revisions"}],"predecessor-version":[{"id":12974,"href":"http:\/\/www.cmes.cz\/web\/wp-json\/wp\/v2\/pages\/1209\/revisions\/12974"}],"wp:attachment":[{"href":"http:\/\/www.cmes.cz\/web\/wp-json\/wp\/v2\/media?parent=1209"}],"curies":[{"name":"wp","href":"https:\/\/api.w.org\/{rel}","templated":true}]}}